{"id":11524,"date":"2024-05-17T09:35:35","date_gmt":"2024-05-17T07:35:35","guid":{"rendered":"https:\/\/www.nievesviesca.com\/blog\/?page_id=11524"},"modified":"2025-11-16T18:55:23","modified_gmt":"2025-11-16T17:55:23","slug":"diecinueve-o-veinte-lineas-2","status":"publish","type":"page","link":"https:\/\/www.nievesviesca.com\/blog\/diecinueve-o-veinte-lineas-2\/","title":{"rendered":"DIECINUEVE O VEINTE L\u00cdNEAS"},"content":{"rendered":"<div class=\"brz-root__container brz-reset-all brz\">{{ brizy_dc_global_blocks position=&#8217;top&#8217; }}<\/p>\n<section id=\"{{placeholder content='e3sgcmFuZG9tX2lkIH19' key='xdiddfceG9Tx'}}_xdiddfceG9Tx\" class=\"brz-section brz-css-aEbiR\">\n<div class=\"brz-section__content brz-section--fullWidth brz-css-sOykw brz-css-ey9Hi\" data-brz-custom-id=\"vE5bDvtLsz1t\">\n<div class=\"brz-bg\">\n<div class=\"brz-bg-color\"><\/div>\n<\/div>\n<div class=\"brz-container brz-css-ioTMu brz-css-yoIwx\">\n<div id=\"\" class=\"brz-css-jWKux brz-css-z5tt0 brz-wrapper\">\n<div class=\"brz-rich-text brz-rich-text__custom brz-css-w8puP\" data-brz-custom-id=\"oQPQnGRgNadM\">\n<div data-brz-translate-text=\"1\">\n<h1 class=\"brz-tp-lg-heading1 brz-text-xs-center brz-css-vwYnF\" data-generated-css=\"brz-css-tVTOv\" data-uniq-id=\"cFZyf\"><span class=\"brz-cp-color8\" style=\"color: rgba(var(--brz-global-color8),1);\">Diecinueve o Veinte L\u00edneas<\/span><\/h1>\n<\/div>\n<\/div>\n<\/div>\n<\/div>\n<\/div>\n<\/section>\n<section id=\"{{placeholder content='e3sgcmFuZG9tX2lkIH19' key='yhK0O4NyOiLl'}}_yhK0O4NyOiLl\" class=\"brz-section brz-css-aEbiR brz-css-xFK7O\">\n<div class=\"brz-section__content brz-section--fullWidth brz-css-sOykw brz-css-djWFV\" data-brz-custom-id=\"cVWQaedOGtiu\">\n<div class=\"brz-container brz-css-ioTMu brz-css-ca2E7\">\n<div class=\"brz-row__container brz-css-yMJaz\" data-brz-custom-id=\"krAiOIwILNsg\">\n<div class=\"brz-bg\"><\/div>\n<div class=\"brz-row brz-css-auARH brz-css-z_3mA\">\n<div class=\"brz-columns brz-css-zHpJ9 brz-css-gK_AD\" data-brz-custom-id=\"eFvrUOsUDZux\">\n<div class=\"brz-bg\"><\/div>\n<div class=\"brz-column__items brz-css-wPzak\">\n<div id=\"\" class=\"brz-css-jWKux brz-css-oeKwv brz-wrapper\">\n<div class=\"brz-image brz-css-dvMrU\" data-brz-custom-id=\"sGKEjAAfn7kJ\"><picture class=\"brz-picture brz-d-block brz-p-relative brz-css-x9EYk brz-css-cn3fb\"><source srcset=\"https:\/\/nievesviesca.com\/blog?brizy_media=wp-2bd38ba58ddbaa6526ae72b2db9cfb50.jpg&amp;brizy_crop=original 1x, https:\/\/nievesviesca.com\/blog?brizy_media=wp-2bd38ba58ddbaa6526ae72b2db9cfb50.jpg&amp;brizy_crop=original 2x\" media=\"(min-width: 992px)\"><source srcset=\"https:\/\/nievesviesca.com\/blog?brizy_media=wp-2bd38ba58ddbaa6526ae72b2db9cfb50.jpg&amp;brizy_crop=original 1x, https:\/\/nievesviesca.com\/blog?brizy_media=wp-2bd38ba58ddbaa6526ae72b2db9cfb50.jpg&amp;brizy_crop=original 2x\" media=\"(min-width: 768px)\"><img decoding=\"async\" class=\"brz-img\" srcset=\"https:\/\/nievesviesca.com\/blog?brizy_media=wp-2bd38ba58ddbaa6526ae72b2db9cfb50.jpg&amp;brizy_crop=original 1x, https:\/\/nievesviesca.com\/blog?brizy_media=wp-2bd38ba58ddbaa6526ae72b2db9cfb50.jpg&amp;brizy_crop=original 2x\" src=\"https:\/\/nievesviesca.com\/blog?brizy_media=wp-2bd38ba58ddbaa6526ae72b2db9cfb50.jpg&amp;brizy_crop=original\" alt=\"{{placeholder content='e3sgYnJpenlfZGNfaW1hZ2VfYWx0IH19' imageSrc='wp-2bd38ba58ddbaa6526ae72b2db9cfb50.jpg'}}\" draggable=\"false\" loading=\"lazy\"><\/picture><\/div>\n<\/div>\n<\/div>\n<\/div>\n<div class=\"brz-columns brz-css-zHpJ9 brz-css-oU7DA\" data-brz-custom-id=\"d3EypLlFA0ix\">\n<div class=\"brz-bg\"><\/div>\n<div class=\"brz-column__items brz-css-wPzak\">\n<div id=\"\" class=\"brz-css-jWKux brz-wrapper\">\n<div class=\"brz-rich-text brz-rich-text__custom brz-css-w8puP\" data-brz-custom-id=\"djrltveKIIVn\">\n<div data-brz-translate-text=\"1\">\n<h3 class=\"brz-tp-lg-heading3 brz-css-b7OlE\" data-uniq-id=\"ubAJF\" data-generated-css=\"brz-css-s0Rhg\"><span class=\"brz-cp-color2\" style=\"color: rgba(var(--brz-global-color2),1);\">DIECINUEVE O VEINTE L\u00cdNEAS.<\/span><\/h3>\n<p class=\"brz-tp-lg-paragraph brz-css-njTcY\" data-uniq-id=\"dZbDT\" data-generated-css=\"brz-css-kiYGM\"><span class=\"brz-cp-color2\" style=\"color: rgba(var(--brz-global-color2),1);\">Editorial:&nbsp;AZOR&nbsp;|&nbsp;Relatos<\/span><\/p>\n<\/div>\n<\/div>\n<\/div>\n<div id=\"\" class=\"brz-css-jWKux brz-wrapper\">\n<div class=\"brz-rich-text brz-rich-text__custom brz-css-w8puP\" data-brz-custom-id=\"fv6538yzTJ6t\">\n<div data-brz-translate-text=\"1\">\n<p class=\"brz-tp-lg-paragraph brz-text-lg-justify brz-css-qrNRL\" data-generated-css=\"brz-css-erODP,brz-css-jkot6,brz-css-zTbCl,brz-css-fu1Ym,brz-css-tv9R1\" data-uniq-id=\"jBXcR,fFxKm,vvkLL,m5NlK,lsHIk\"><span class=\"brz-cp-color2\" style=\"color: rgba(var(--brz-global-color2),1);\">Tenemos entre nuestras manos un pu\u00f1ado de relatos originales producto, juntamente, de la fantas\u00eda y de la experiencia lectora; retazos de vida que se proyectan como dardos en la mente y en el coraz\u00f3n. Son cuentos que hunden sus ra\u00edces en la oralidad y desde su expresi\u00f3n originaria can\u00f3nica -planteamiento, nudo, desenlace-, por inquieta b\u00fasqueda del valor de la palabra, se desprenden, aqu\u00ed, hacia formas innovadoras.\u2028As\u00ed, en estas p\u00e1ginas, la prosa tensa de Nieves Viesca, transitando por caminos on\u00edricos, se adentra en el espacio de sus fabulaciones, vida hecha palabra en urdimbre de historias inquietantes y sorpresivas. Una serie de microrrelatos agrupados en Diecinueve o Veinte L\u00edneas condensados con la m\u00e1xima econom\u00eda que despliegan en abanico m\u00faltiples sugerencias.\u2028Tierra, Mar, Aire, Fuego, los cuatro elementos conjugan en estas narraciones m\u00ednimas densa carga de humanidad: desasosiego y angustia, temores y esperanza, iron\u00eda y ternura. Diecinueve o veinte l\u00edneas de microrrelatos envueltos en la calidez de un soterrado lirismo.<\/span><\/p>\n<p class=\"brz-tp-lg-paragraph brz-text-lg-justify brz-css-iHHhr\" data-generated-css=\"brz-css-erODP,brz-css-jkot6,brz-css-zTbCl,brz-css-fu1Ym,brz-css-tv9R1\" data-uniq-id=\"jBXcR,fFxKm,vvkLL,m5NlK,lsHIk\"><span class=\"brz-cp-color2\" style=\"color: rgba(var(--brz-global-color2),1);\">Mar\u00eda Elvira Mu\u00f1iz<\/span><\/p>\n<p class=\"brz-tp-lg-paragraph brz-text-lg-justify brz-css-cwkI_\" data-generated-css=\"brz-css-tv9R1\" data-uniq-id=\"lsHIk\"><span class=\"brz-cp-color2\" style=\"color: rgba(var(--brz-global-color2),1);\">(Catedr\u00e1tica de Literatura)<\/span><\/p>\n<\/div>\n<\/div>\n<\/div>\n<\/div>\n<\/div>\n<\/div>\n<\/div>\n<div id=\"\" class=\"brz-css-jWKux brz-wrapper\">\n<div class=\"brz-line brz-line-default brz-css-k8i5n\" data-brz-custom-id=\"rdBV22ZQ0igM\">\n<hr class=\"brz-hr\"><\/div>\n<\/div>\n<div id=\"\" class=\"brz-css-jWKux brz-wrapper\">\n<div class=\"brz-rich-text brz-rich-text__custom brz-css-w8puP\" data-brz-custom-id=\"xg_gWjkvjxcr\">\n<div data-brz-translate-text=\"1\">\n<h3 data-generated-css=\"brz-css-lxU4R\" data-uniq-id=\"tAVi0\" class=\"ql-align-center brz-text-lg-center brz-tp-lg-heading3 brz-css-iXTTE\"><span style=\"color: rgba(var(--brz-global-color2),1);\" class=\"brz-cp-color2\">Cons\u00edguelo<\/span><\/h3>\n<p class=\"brz-tp-lg-paragraph ql-align-center brz-text-lg-center brz-css-xxdNl\" data-generated-css=\"brz-css-dm_YX\" data-uniq-id=\"ld57s\"><span style=\"color: rgba(var(--brz-global-color2),1);\" class=\"brz-cp-color2\">Descarga el libro electr\u00f3nico o compra tu edici\u00f3n f\u00edsica en tu librer\u00eda habitual o a trav\u00e9s de los siguientes distribuidores:<\/span><\/p>\n<\/div>\n<\/div>\n<\/div>\n<div class=\"brz-row__container brz-css-yMJaz\" data-brz-custom-id=\"s4J2ao8GwOBp\">\n<div class=\"brz-bg\"><\/div>\n<div class=\"brz-row brz-css-auARH brz-css-z_3mA\">\n<div class=\"brz-columns brz-css-zHpJ9 brz-css-ryAYm\" data-brz-custom-id=\"aJpku_vnmoto\">\n<div class=\"brz-bg\">\n<div class=\"brz-bg-color\"><\/div>\n<\/div>\n<div class=\"brz-column__items brz-css-wPzak brz-css-eEwkO\">\n<div id=\"\" class=\"brz-css-jWKux brz-wrapper\">\n<div class=\"brz-rich-text brz-rich-text__custom brz-css-w8puP\" data-brz-custom-id=\"uA64IarPlpbm\">\n<div data-brz-translate-text=\"1\">\n<h4 class=\"brz-bcp-color7 brz-tp-lg-heading4 brz-text-lg-center ql-align-center brz-css-vUMFC\" data-uniq-id=\"dYb8L\" data-generated-css=\"brz-css-c8Yat\"><span class=\"brz-cp-color1\" style=\"color: rgba(var(--brz-global-color1),1); background-color: rgba(0, 0, 0, 0);\">eBook<\/span><\/h4>\n<h4 class=\"brz-tp-lg-heading4 brz-bcp-color1 brz-text-lg-center ql-align-center brz-css-vTwOI\" data-uniq-id=\"zseVu\" data-generated-css=\"brz-css-qSw1o\"><span class=\"brz-cp-color1\" style=\"background-color: rgba(0, 0, 0, 0); color: rgba(var(--brz-global-color1),1);\">1,95&nbsp;\u20ac<\/span><\/h4>\n<\/div>\n<\/div>\n<\/div>\n<div id=\"\" class=\"brz-css-jWKux brz-wrapper\">\n<div class=\"brz-rich-text brz-rich-text__custom brz-css-w8puP\" data-brz-custom-id=\"xeMrWQrWD9HX\">\n<div data-brz-translate-text=\"1\">\n<ul>\n<li data-generated-css=\"brz-css-tP_8j\" data-uniq-id=\"chk2P\" class=\"brz-tp-lg-paragraph ql-align-center brz-text-lg-center brz-bcp-color2 brz-css-iHh_h\" style=\"color: rgba(var(--brz-global-color2),1);\"><span class=\"brz-cp-color2\" style=\"color: rgba(var(--brz-global-color2),1);\">Formato: PDF<\/span><\/li>\n<li data-generated-css=\"brz-css-gpfez\" data-uniq-id=\"bVBkj\" class=\"brz-tp-lg-paragraph ql-align-center brz-text-lg-center brz-bcp-color2 brz-css-smzMf\" style=\"color: rgba(var(--brz-global-color2),1);\"><span class=\"brz-cp-color2\" style=\"color: rgba(var(--brz-global-color2),1);\">Canal: Directo<\/span><\/li>\n<\/ul>\n<\/div>\n<\/div>\n<\/div>\n<div class=\"brz-wrapper-clone brz-css-sjSFC\">\n<div class=\"brz-d-xs-flex brz-flex-xs-wrap brz-css-rmuhc\" data-brz-custom-id=\"\">\n<div class=\"brz-wrapper-clone__item\" id=\"cb3LWX0u7eRI\"><a class=\"brz-a brz-btn brz-css-iH8Fn brz-css-fkZ8z brz-css-ipZ1a brz-css-b17f8\" href=\"https:\/\/www.nievesviesca.com\/blog\/producto\/ebook-diecinueve-o-veinte-lineas\/\" target=\"_blank\" rel=\"noopener\" data-brz-link-type=\"external\" data-brz-custom-id=\"cb3LWX0u7eRI\"><span data-brz-translate-text=\"1\" class=\"brz-span brz-text__editor\" contenteditable=\"false\">COMPRAR<\/span><\/a><\/div>\n<\/div>\n<\/div>\n<\/div>\n<\/div>\n<div class=\"brz-columns brz-css-zHpJ9 brz-css-pZtRq\" data-brz-custom-id=\"aObF1AgHmyEQ\">\n<div class=\"brz-bg\">\n<div class=\"brz-bg-color\"><\/div>\n<\/div>\n<div class=\"brz-column__items brz-css-wPzak brz-css-fnyUp\">\n<div id=\"\" class=\"brz-css-jWKux brz-wrapper\">\n<div class=\"brz-rich-text brz-rich-text__custom brz-css-w8puP\" data-brz-custom-id=\"mRbtwPDQYjP8\">\n<div data-brz-translate-text=\"1\">\n<h4 class=\"ql-align-center brz-bcp-color7 brz-text-lg-center brz-tp-lg-heading4 brz-css-naXPp\" data-generated-css=\"brz-css-yqI5J\" data-uniq-id=\"wxSEi\"><span class=\"brz-cp-color1\" style=\"background-color: rgba(0, 0, 0, 0); color: rgba(var(--brz-global-color1),1);\">SUMUMP STORE<\/span><\/h4>\n<h4 class=\"ql-align-center brz-bcp-color7 brz-text-lg-center brz-tp-lg-heading4 brz-css-pUWug\" data-generated-css=\"brz-css-tL_8S\" data-uniq-id=\"iR0AK\"><strong class=\"brz-cp-color1\" style=\"background-color: rgba(0, 0, 0, 0); color: rgba(var(--brz-global-color1),1);\">13,00&nbsp;\u20ac<\/strong><\/h4>\n<\/div>\n<\/div>\n<\/div>\n<div id=\"\" class=\"brz-css-jWKux brz-wrapper\">\n<div class=\"brz-rich-text brz-rich-text__custom brz-css-w8puP\" data-brz-custom-id=\"byWf5QG5V7Q4\">\n<div data-brz-translate-text=\"1\">\n<ul>\n<li class=\"brz-tp-lg-paragraph ql-align-center brz-text-lg-center brz-bcp-color2 brz-css-cKprU\" data-generated-css=\"brz-css-k0Xvd\" data-uniq-id=\"eVafp\" style=\"color: rgba(var(--brz-global-color2),1);\"><span class=\"brz-cp-color2\" style=\"color: rgba(var(--brz-global-color2),1);\">N\u00ba de p\u00e1ginas: 86 p\u00e1gs.<\/span><\/li>\n<li class=\"brz-tp-lg-paragraph ql-align-center brz-text-lg-center brz-bcp-color2 brz-css-peRaF\" data-generated-css=\"brz-css-aTenJ\" data-uniq-id=\"ytGnH\" style=\"color: rgba(var(--brz-global-color2),1);\"><span class=\"brz-cp-color2\" style=\"color: rgba(var(--brz-global-color2),1);\">Encuadernaci\u00f3n: Tapa blanda<\/span><\/li>\n<li class=\"brz-tp-lg-paragraph ql-align-center brz-text-lg-center brz-bcp-color2 brz-css-oQdz6\" data-generated-css=\"brz-css-mjEME\" data-uniq-id=\"zXfdC\" style=\"color: rgba(var(--brz-global-color2),1);\"><span class=\"brz-cp-color2\" style=\"color: rgba(var(--brz-global-color2),1);\">Editorial: AZOR<\/span><\/li>\n<\/ul>\n<\/div>\n<\/div>\n<\/div>\n<div class=\"brz-wrapper-clone brz-css-sjSFC\">\n<div class=\"brz-d-xs-flex brz-flex-xs-wrap brz-css-rmuhc\" data-brz-custom-id=\"\">\n<div class=\"brz-wrapper-clone__item\" id=\"f2hXRMbwUXog\"><a class=\"brz-a brz-btn brz-css-iH8Fn brz-css-tzPJA brz-css-ipZ1a brz-css-ep6_N\" href=\"https:\/\/cesar-garcia-santiago-editor.sumupstore.com\/producto\/libro-diecinueve-o-veinte-lineas-de-nieves-viesca-azor-editores\" target=\"_blank\" rel=\"noopener\" data-brz-link-type=\"external\" data-brz-custom-id=\"f2hXRMbwUXog\"><span data-brz-translate-text=\"1\" class=\"brz-span brz-text__editor\" contenteditable=\"false\">COMPRAR<\/span><\/a><\/div>\n<\/div>\n<\/div>\n<\/div>\n<\/div>\n<\/div>\n<\/div>\n<\/div>\n<\/div>\n<\/section>\n<p>{{ brizy_dc_global_blocks position=&#8217;bottom&#8217; }}<\/p><\/div>\n<p>    <!-- version:1763315723 --><\/p>\n","protected":false},"excerpt":{"rendered":"<p>{{ brizy_dc_global_blocks position=&#8217;top&#8217; }} Diecinueve o Veinte L\u00edneas DIECINUEVE O VEINTE L\u00cdNEAS. Editorial:&nbsp;AZOR&nbsp;|&nbsp;Relatos Tenemos entre nuestras manos un pu\u00f1ado de relatos originales producto, juntamente, de la fantas\u00eda y de la experiencia lectora; retazos de vida que se proyectan como dardos &hellip; <a href=\"https:\/\/www.nievesviesca.com\/blog\/diecinueve-o-veinte-lineas-2\/\">Sigue leyendo <span class=\"meta-nav\">&rarr;<\/span><\/a><\/p>\n","protected":false},"author":1,"featured_media":0,"parent":0,"menu_order":0,"comment_status":"closed","ping_status":"closed","template":"brizy-blank-template.php","meta":{"_bbp_topic_count":0,"_bbp_reply_count":0,"_bbp_total_topic_count":0,"_bbp_total_reply_count":0,"_bbp_voice_count":0,"_bbp_anonymous_reply_count":0,"_bbp_topic_count_hidden":0,"_bbp_reply_count_hidden":0,"_bbp_forum_subforum_count":0,"om_disable_all_campaigns":false,"_monsterinsights_skip_tracking":false,"_monsterinsights_sitenote_active":false,"_monsterinsights_sitenote_note":"","_monsterinsights_sitenote_category":0,"jetpack_post_was_ever_published":false,"footnotes":""},"aioseo_notices":[],"jetpack_sharing_enabled":true,"jetpack_shortlink":"https:\/\/wp.me\/P6xI8c-2ZS","_links":{"self":[{"href":"https:\/\/www.nievesviesca.com\/blog\/wp-json\/wp\/v2\/pages\/11524"}],"collection":[{"href":"https:\/\/www.nievesviesca.com\/blog\/wp-json\/wp\/v2\/pages"}],"about":[{"href":"https:\/\/www.nievesviesca.com\/blog\/wp-json\/wp\/v2\/types\/page"}],"author":[{"embeddable":true,"href":"https:\/\/www.nievesviesca.com\/blog\/wp-json\/wp\/v2\/users\/1"}],"replies":[{"embeddable":true,"href":"https:\/\/www.nievesviesca.com\/blog\/wp-json\/wp\/v2\/comments?post=11524"}],"version-history":[{"count":30,"href":"https:\/\/www.nievesviesca.com\/blog\/wp-json\/wp\/v2\/pages\/11524\/revisions"}],"predecessor-version":[{"id":19207,"href":"https:\/\/www.nievesviesca.com\/blog\/wp-json\/wp\/v2\/pages\/11524\/revisions\/19207"}],"wp:attachment":[{"href":"https:\/\/www.nievesviesca.com\/blog\/wp-json\/wp\/v2\/media?parent=11524"}],"curies":[{"name":"wp","href":"https:\/\/api.w.org\/{rel}","templated":true}]}}