{"id":11528,"date":"2024-05-15T09:38:13","date_gmt":"2024-05-15T07:38:13","guid":{"rendered":"https:\/\/www.nievesviesca.com\/blog\/?page_id=11528"},"modified":"2024-09-26T10:05:16","modified_gmt":"2024-09-26T08:05:16","slug":"manual-de-tinta","status":"publish","type":"page","link":"https:\/\/www.nievesviesca.com\/blog\/manual-de-tinta\/","title":{"rendered":"MANUAL DE TINTA"},"content":{"rendered":"<div class=\"brz-root__container brz-reset-all brz\">\n<section id=\"_aGnfXc9SuWwi\" class=\"brz-section brz-css-iW9J5\">\n<div class=\"brz-section__content brz-section--fullWidth brz-css-dQcWw brz-css-tE27F\" data-brz-custom-id=\"tzZZdaJiQEl5\">\n<div class=\"brz-bg\">\n<div class=\"brz-bg-color\"><\/div>\n<\/div>\n<div class=\"brz-container brz-css-wkVGL brz-css-f6zgn\">\n<div id=\"\" class=\"brz-css-gkcuR brz-css-v_YHy brz-wrapper\">\n<div class=\"brz-rich-text brz-rich-text__custom brz-css-l6JfQ\" data-brz-custom-id=\"iqhhmQRjVsDV\">\n<div data-brz-translate-text=\"1\">\n<p data-uniq-id=\"tVO0U\" data-generated-css=\"brz-css-sbsqX\" class=\"brz-tp-lg-heading1 brz-text-sm-justify brz-bcp-color8 brz-text-lg-justify brz-css-v5mwE\"><span class=\"brz-cp-color8\" style=\"color: rgba(var(--brz-global-color8),1);\">Manual de Tinta<\/span><\/p>\n<\/div>\n<\/div>\n<\/div>\n<\/div>\n<\/div>\n<\/section>\n<section id=\"_b90fCim9NGfP\" class=\"brz-section brz-css-iW9J5 brz-css-mxNyr\">\n<div class=\"brz-section__content brz-section--fullWidth brz-css-dQcWw brz-css-zXqG2\" data-brz-custom-id=\"pPd3ic6nyQAv\">\n<div class=\"brz-container brz-css-wkVGL brz-css-wZrpd\">\n<div class=\"brz-row__container brz-css-mKiJT\" data-brz-custom-id=\"pRSZSGFPeUvZ\">\n<div class=\"brz-bg\"><\/div>\n<div class=\"brz-row brz-css-auKn4 brz-css-xJXLi\">\n<div class=\"brz-columns brz-css-nT_H_ brz-css-xUOvU\" data-brz-custom-id=\"fEp0WkIebdYA\">\n<div class=\"brz-bg\"><\/div>\n<div class=\"brz-column__items brz-css-vOtNA\">\n<div id=\"\" class=\"brz-css-gkcuR brz-wrapper\">\n<div class=\"brz-image brz-css-sZsjB\" data-brz-custom-id=\"m8ryvIz2KuQo\"><picture class=\"brz-picture brz-d-block brz-p-relative brz-css-oT6xT brz-css-p828q\"><source srcset=\"https:\/\/www.nievesviesca.com\/blog\/wp-content\/uploads\/2024\/05\/manual-de-tinta.jpg 1x, https:\/\/www.nievesviesca.com\/blog\/wp-content\/uploads\/2024\/05\/manual-de-tinta.jpg 2x\" media=\"(min-width: 992px)\"><source srcset=\"https:\/\/www.nievesviesca.com\/blog\/wp-content\/uploads\/2024\/05\/manual-de-tinta.jpg 1x, https:\/\/www.nievesviesca.com\/blog\/wp-content\/uploads\/2024\/05\/manual-de-tinta.jpg 2x\" media=\"(min-width: 768px)\"><img decoding=\"async\" class=\"brz-img\" srcset=\"https:\/\/i0.wp.com\/www.nievesviesca.com\/blog\/wp-content\/uploads\/2024\/05\/manual-de-tinta.jpg?w=584&#038;ssl=1 1x, https:\/\/i0.wp.com\/www.nievesviesca.com\/blog\/wp-content\/uploads\/2024\/05\/manual-de-tinta.jpg?w=584&#038;ssl=1 2x\" src=\"https:\/\/i0.wp.com\/www.nievesviesca.com\/blog\/wp-content\/uploads\/2024\/05\/manual-de-tinta.jpg?w=584&#038;ssl=1\" alt=\"\" draggable=\"false\" loading=\"lazy\" data-recalc-dims=\"1\"><\/picture><\/div>\n<\/div>\n<\/div>\n<\/div>\n<div class=\"brz-columns brz-css-nT_H_ brz-css-cwr8D\" data-brz-custom-id=\"jA2guoV0dRvw\">\n<div class=\"brz-bg\"><\/div>\n<div class=\"brz-column__items brz-css-vOtNA\">\n<div id=\"\" class=\"brz-css-gkcuR brz-wrapper\">\n<div class=\"brz-rich-text brz-rich-text__custom brz-css-l6JfQ\" data-brz-custom-id=\"uE8TRup6hOu8\">\n<div data-brz-translate-text=\"1\">\n<h3 class=\"brz-tp-lg-heading3 brz-css-vjJPa\" data-uniq-id=\"qAp0q\" data-generated-css=\"brz-css-rE6dy\"><span class=\"brz-cp-color2\" style=\"color: rgba(var(--brz-global-color2),1);\">MANUAL DE TINTA.<\/span><\/h3>\n<p class=\"brz-tp-lg-paragraph brz-css-xtRQm\" data-uniq-id=\"oa1U7\" data-generated-css=\"brz-css-sy9xD\"><span class=\"brz-cp-color2\" style=\"color: rgba(var(--brz-global-color2),1);\">Editorial:&nbsp;Ediciones Vitruvio |&nbsp;Poes\u00eda<\/span><\/p>\n<\/div>\n<\/div>\n<\/div>\n<div id=\"\" class=\"brz-css-gkcuR brz-wrapper\">\n<div class=\"brz-rich-text brz-rich-text__custom brz-css-l6JfQ\" data-brz-custom-id=\"tho5WjpLxCZR\">\n<div data-brz-translate-text=\"1\">\n<p class=\"brz-text-lg-justify brz-tp-lg-paragraph brz-css-nTkQ2\" data-uniq-id=\"lWtry\" data-generated-css=\"brz-css-rzlU_\"><span class=\"brz-cp-color2\" style=\"color: rgba(var(--brz-global-color2),1);\">Junto con una peculiar preocupaci\u00f3n est\u00e9tica, Manual de tinta constituye todo un homenaje a la literatura. En palabras de la profesora de filolog\u00eda espa\u00f1ola Carmen Cabeza: \u201ccontiene una presencia constante de juegos de palabras, dilog\u00edas, dobles sentidos que claramente hacen&nbsp;referencia a los istmos y vanguardias sobre los que se edific\u00f3 la literatura del Siglo XX.&nbsp;Podemos encontrar en estos poemas ecos del creacionismo, del surrealismo, pero&nbsp;tambi\u00e9n una profunda esencialidad que recuerda a los haikus japoneses en su econom\u00eda&nbsp;de palabras, en ese minimalismo que da lugar a una poes\u00eda condensada, destilada, que&nbsp;posee car\u00e1cter atemporal\u201d.<\/span><\/p>\n<p class=\"brz-text-lg-justify brz-tp-lg-paragraph brz-css-esxLR\" data-uniq-id=\"cysrB\" data-generated-css=\"brz-css-eqfvU\"><span class=\"brz-cp-color2\" style=\"color: rgba(var(--brz-global-color2),1);\">En un estilo propio y sugerente, anteriormente expresado ya en trabajos narrativos&nbsp;como La danza del equilibrio, Metamorfosis del sentimiento y Diecinueve o Veinte&nbsp;L\u00edneas, sobre esta nueva obra, el poeta y editor Pablo M\u00e9ndez destaca que la autora \u201cha elaborado un producto est\u00e9tico de sutil e impecable lenguaje po\u00e9tico, un manual que rinde homenaje a la historia de la literatura y la creaci\u00f3n literaria, desde su inicio hasta su desarrollo m\u00e1s aut\u00e9ntico y vital: las manos de un lector\u201d.<\/span><\/p>\n<p class=\"brz-text-lg-justify brz-tp-lg-paragraph brz-css-oOkvc\" data-uniq-id=\"nXDlh\" data-generated-css=\"brz-css-cU8V_\"><span class=\"brz-cp-color2\" style=\"color: rgba(var(--brz-global-color2),1);\">Libro que sabe escuchar a la vanguardia y que tiene en la sutileza una prueba luminosa de novedad y de gran poes\u00eda.<\/span><\/p>\n<\/div>\n<\/div>\n<\/div>\n<\/div>\n<\/div>\n<\/div>\n<\/div>\n<div id=\"\" class=\"brz-css-gkcuR brz-wrapper\">\n<div class=\"brz-line brz-line-default brz-css-i0SPP\" data-brz-custom-id=\"a9bJ24t6Q5Gj\">\n<hr class=\"brz-hr\"><\/div>\n<\/div>\n<div id=\"\" class=\"brz-css-gkcuR brz-wrapper\">\n<div class=\"brz-rich-text brz-rich-text__custom brz-css-l6JfQ\" data-brz-custom-id=\"cVhw_tqHllgj\">\n<div data-brz-translate-text=\"1\">\n<h3 class=\"brz-tp-lg-heading3 brz-text-lg-center ql-align-center brz-css-eZ0F9\" data-uniq-id=\"wv2PY\" data-generated-css=\"brz-css-wz41u\"><span class=\"brz-cp-color2\" style=\"color: rgba(var(--brz-global-color2),1);\">Cons\u00edguelo<\/span><\/h3>\n<p class=\"brz-text-lg-center ql-align-center brz-tp-lg-paragraph brz-css-uF0tW\" data-uniq-id=\"fyK_p\" data-generated-css=\"brz-css-cIBG4\"><span class=\"brz-cp-color2\" style=\"color: rgba(var(--brz-global-color2),1);\">Compra tu edici\u00f3n f\u00edsica en tu librer\u00eda habitual o a trav\u00e9s de los siguientes distribuidores:<\/span><\/p>\n<\/div>\n<\/div>\n<\/div>\n<div class=\"brz-row__container brz-css-mKiJT\" data-brz-custom-id=\"mpUgEM7jEWHt\">\n<div class=\"brz-bg\"><\/div>\n<div class=\"brz-row brz-css-auKn4 brz-css-xJXLi\">\n<div class=\"brz-columns brz-css-nT_H_ brz-css-uesun\" data-brz-custom-id=\"eRnu9mQkrXG5\">\n<div class=\"brz-bg\">\n<div class=\"brz-bg-color\"><\/div>\n<\/div>\n<div class=\"brz-column__items brz-css-vOtNA brz-css-kdTmE\">\n<div id=\"\" class=\"brz-css-gkcuR brz-wrapper\">\n<div class=\"brz-rich-text brz-rich-text__custom brz-css-l6JfQ\" data-brz-custom-id=\"zJtNoIs6yuoP\">\n<div data-brz-translate-text=\"1\">\n<h4 class=\"brz-tp-lg-heading4 brz-text-lg-center brz-bcp-color7 ql-align-center brz-css-pu0FF\" data-uniq-id=\"zAeq_\" data-generated-css=\"brz-css-rMF7T\"><span class=\"brz-cp-color1\" style=\"color: rgba(var(--brz-global-color1),1); background-color: rgba(0, 0, 0, 0);\">Casa del libro<\/span><\/h4>\n<h4 class=\"brz-tp-lg-heading4 brz-text-lg-center brz-bcp-color7 ql-align-center brz-css-peENI\" data-uniq-id=\"prfFN\" data-generated-css=\"brz-css-yxCuQ\"><strong class=\"brz-cp-color1\" style=\"color: rgba(var(--brz-global-color1),1); background-color: rgba(0, 0, 0, 0);\">10,43&nbsp;\u20ac<\/strong><\/h4>\n<\/div>\n<\/div>\n<\/div>\n<div id=\"\" class=\"brz-css-gkcuR brz-wrapper\">\n<div class=\"brz-rich-text brz-rich-text__custom brz-css-l6JfQ\" data-brz-custom-id=\"hSnNPFOWOXLU\">\n<div data-brz-translate-text=\"1\">\n<ul>\n<li class=\"brz-tp-lg-paragraph ql-align-center brz-text-lg-center brz-bcp-color2 brz-css-v8RMx\" data-generated-css=\"brz-css-mkXT0\" data-uniq-id=\"y5wfw\" style=\"color: rgba(var(--brz-global-color2),1);\"><span class=\"brz-cp-color2\" style=\"color: rgba(var(--brz-global-color2),1);\">N\u00ba de p\u00e1ginas: 86 p\u00e1gs.<\/span><\/li>\n<li class=\"brz-tp-lg-paragraph ql-align-center brz-text-lg-center brz-bcp-color2 brz-css-loKUA\" data-generated-css=\"brz-css-wtDKi\" data-uniq-id=\"fqImY\" style=\"color: rgba(var(--brz-global-color2),1);\"><span class=\"brz-cp-color2\" style=\"color: rgba(var(--brz-global-color2),1);\">Encuadernaci\u00f3n: Tapa blanda<\/span><\/li>\n<li class=\"brz-tp-lg-paragraph ql-align-center brz-text-lg-center brz-bcp-color2 brz-css-kVZ5Z\" data-generated-css=\"brz-css-b7G2p\" data-uniq-id=\"t0FgG\" style=\"color: rgba(var(--brz-global-color2),1);\"><span class=\"brz-cp-color2\" style=\"color: rgba(var(--brz-global-color2),1);\">Editorial: VITRUVIO<\/span><\/li>\n<li class=\"brz-tp-lg-paragraph ql-align-center brz-text-lg-center brz-bcp-color2 brz-css-hDny5\" data-generated-css=\"brz-css-u92mo\" data-uniq-id=\"kv4Am\" style=\"color: rgba(var(--brz-global-color2),1);\"><span class=\"brz-cp-color2\" style=\"color: rgba(var(--brz-global-color2),1);\">ISBN: 9788415233565<\/span><\/li>\n<\/ul>\n<\/div>\n<\/div>\n<\/div>\n<div class=\"brz-wrapper-clone brz-css-vt4Aw\">\n<div class=\"brz-d-xs-flex brz-flex-xs-wrap brz-css-ctAzb\" data-brz-custom-id=\"\">\n<div class=\"brz-wrapper-clone__item\" id=\"dlEuFwToZ2dl\"><a class=\"brz-a brz-btn brz-css-fuzJP brz-css-dCvfQ brz-css-bR4rd brz-css-dB8K5\" href=\"https:\/\/www.casadellibro.com\/libro-manual-de-tinta\/9788415233565\/1956409\" target=\"_blank\" rel=\"noopener\" data-brz-link-type=\"external\" data-brz-custom-id=\"dlEuFwToZ2dl\"><span data-brz-translate-text=\"1\" class=\"brz-span brz-text__editor\" contenteditable=\"false\">COMPRAR<\/span><\/a><\/div>\n<\/div>\n<\/div>\n<\/div>\n<\/div>\n<\/div>\n<\/div>\n<\/div>\n<\/div>\n<\/section>\n<\/div>\n<p>    <!-- version:1727337916 --><\/p>\n","protected":false},"excerpt":{"rendered":"<p>Manual de Tinta MANUAL DE TINTA. Editorial:&nbsp;Ediciones Vitruvio |&nbsp;Poes\u00eda Junto con una peculiar preocupaci\u00f3n est\u00e9tica, Manual de tinta constituye todo un homenaje a la literatura. En palabras de la profesora de filolog\u00eda espa\u00f1ola Carmen Cabeza: \u201ccontiene una presencia constante de &hellip; <a href=\"https:\/\/www.nievesviesca.com\/blog\/manual-de-tinta\/\">Sigue leyendo <span class=\"meta-nav\">&rarr;<\/span><\/a><\/p>\n","protected":false},"author":1,"featured_media":0,"parent":0,"menu_order":0,"comment_status":"closed","ping_status":"closed","template":"brizy-blank-template.php","meta":{"_bbp_topic_count":0,"_bbp_reply_count":0,"_bbp_total_topic_count":0,"_bbp_total_reply_count":0,"_bbp_voice_count":0,"_bbp_anonymous_reply_count":0,"_bbp_topic_count_hidden":0,"_bbp_reply_count_hidden":0,"_bbp_forum_subforum_count":0,"om_disable_all_campaigns":false,"_monsterinsights_skip_tracking":false,"_monsterinsights_sitenote_active":false,"_monsterinsights_sitenote_note":"","_monsterinsights_sitenote_category":0,"jetpack_post_was_ever_published":false,"footnotes":""},"aioseo_notices":[],"jetpack_sharing_enabled":true,"jetpack_shortlink":"https:\/\/wp.me\/P6xI8c-2ZW","_links":{"self":[{"href":"https:\/\/www.nievesviesca.com\/blog\/wp-json\/wp\/v2\/pages\/11528"}],"collection":[{"href":"https:\/\/www.nievesviesca.com\/blog\/wp-json\/wp\/v2\/pages"}],"about":[{"href":"https:\/\/www.nievesviesca.com\/blog\/wp-json\/wp\/v2\/types\/page"}],"author":[{"embeddable":true,"href":"https:\/\/www.nievesviesca.com\/blog\/wp-json\/wp\/v2\/users\/1"}],"replies":[{"embeddable":true,"href":"https:\/\/www.nievesviesca.com\/blog\/wp-json\/wp\/v2\/comments?post=11528"}],"version-history":[{"count":30,"href":"https:\/\/www.nievesviesca.com\/blog\/wp-json\/wp\/v2\/pages\/11528\/revisions"}],"predecessor-version":[{"id":17530,"href":"https:\/\/www.nievesviesca.com\/blog\/wp-json\/wp\/v2\/pages\/11528\/revisions\/17530"}],"wp:attachment":[{"href":"https:\/\/www.nievesviesca.com\/blog\/wp-json\/wp\/v2\/media?parent=11528"}],"curies":[{"name":"wp","href":"https:\/\/api.w.org\/{rel}","templated":true}]}}