{"id":11530,"date":"2024-05-14T09:38:54","date_gmt":"2024-05-14T07:38:54","guid":{"rendered":"https:\/\/www.nievesviesca.com\/blog\/?page_id=11530"},"modified":"2024-09-26T10:39:28","modified_gmt":"2024-09-26T08:39:28","slug":"poeminimos-y-otras-oquedades-2","status":"publish","type":"page","link":"https:\/\/www.nievesviesca.com\/blog\/poeminimos-y-otras-oquedades-2\/","title":{"rendered":"POEM\u00cdNIMOS Y OTRAS OQUEDADES"},"content":{"rendered":"<div class=\"brz-root__container brz-reset-all brz\">\n<section id=\"_m3muuheVUzkd\" class=\"brz-section brz-css-zrLEk\">\n<div class=\"brz-section__content brz-section--fullWidth brz-css-mtlRg brz-css-cwvCw\" data-brz-custom-id=\"tLBLJNmTrvby\">\n<div class=\"brz-bg\">\n<div class=\"brz-bg-color\"><\/div>\n<\/div>\n<div class=\"brz-container brz-css-y9LzK brz-css-dhSMR\">\n<div id=\"\" class=\"brz-css-ohfGx brz-css-eRjv3 brz-wrapper\">\n<div class=\"brz-rich-text brz-rich-text__custom brz-css-pSCgj\" data-brz-custom-id=\"dVBVIBEufGw7\">\n<div data-brz-translate-text=\"1\">\n<h1 class=\"brz-text-lg-justify brz-text-xs-justify brz-text-sm-justify brz-tp-lg-heading1 brz-css-jMajf\" data-generated-css=\"brz-css-gH2JQ\" data-uniq-id=\"cVj98\"><span class=\"brz-cp-color8\">POE<\/span><em class=\"brz-cp-color8\">M<\/em><span class=\"brz-cp-color8\">\u00ednimos y otras oqu<\/span><em class=\"brz-cp-color8\">E<\/em><span class=\"brz-cp-color8\">dades<\/span><\/h1>\n<\/div>\n<\/div>\n<\/div>\n<\/div>\n<\/div>\n<\/section>\n<section id=\"_f_o1eUly4dgr\" class=\"brz-section brz-css-zrLEk brz-css-t_4IF\">\n<div class=\"brz-section__content brz-section--fullWidth brz-css-mtlRg brz-css-ivbnq\" data-brz-custom-id=\"zM8Y4R2pGzgW\">\n<div class=\"brz-container brz-css-y9LzK brz-css-d0kFI\">\n<div class=\"brz-row__container brz-css-oTJk5\" data-brz-custom-id=\"owEQ4QrlS0hG\">\n<div class=\"brz-bg\"><\/div>\n<div class=\"brz-row brz-css-zOQBC brz-css-aj4o4\">\n<div class=\"brz-columns brz-css-j9PaN brz-css-nimAm\" data-brz-custom-id=\"tDAXaguE7pdn\">\n<div class=\"brz-bg\"><\/div>\n<div class=\"brz-column__items brz-css-ecOVE\">\n<div id=\"\" class=\"brz-css-ohfGx brz-wrapper\">\n<div class=\"brz-image brz-css-uipPu\" data-brz-custom-id=\"dfTGkm4YqU5P\"><img decoding=\"async\" class=\"brz-img\" src=\"https:\/\/i0.wp.com\/www.nievesviesca.com\/blog\/wp-content\/uploads\/2023\/09\/poeminimos-y-otras-oquedades.jpg?w=584&#038;ssl=1\" alt=\"\" loading=\"lazy\" data-recalc-dims=\"1\"><\/div>\n<\/div>\n<\/div>\n<\/div>\n<div class=\"brz-columns brz-css-j9PaN brz-css-hjCcq\" data-brz-custom-id=\"nwzu1jqexqmu\">\n<div class=\"brz-bg\"><\/div>\n<div class=\"brz-column__items brz-css-ecOVE\">\n<div id=\"\" class=\"brz-css-ohfGx brz-wrapper\">\n<div class=\"brz-image brz-css-fC2EP\" data-brz-custom-id=\"vZRXqVjn5e3Z\"><img decoding=\"async\" class=\"brz-img\" src=\"https:\/\/i0.wp.com\/www.nievesviesca.com\/blog\/wp-content\/uploads\/2024\/07\/POEMINIMOS-Y-OTRAS-OQUEDADES.jpg?w=584&#038;ssl=1\" alt=\"\" loading=\"lazy\" data-recalc-dims=\"1\"><\/div>\n<\/div>\n<\/div>\n<\/div>\n<div class=\"brz-columns brz-css-j9PaN brz-css-a60Ci\" data-brz-custom-id=\"n3NdJ0sKd42f\">\n<div class=\"brz-bg\"><\/div>\n<div class=\"brz-column__items brz-css-ecOVE\">\n<div id=\"\" class=\"brz-css-ohfGx brz-wrapper\">\n<div class=\"brz-rich-text brz-rich-text__custom brz-css-pSCgj\" data-brz-custom-id=\"i2mVBmNlXbYZ\">\n<div data-brz-translate-text=\"1\">\n<h3 class=\"brz-tp-lg-heading3 brz-css-eLdqC\" data-generated-css=\"brz-css-ts151\" data-uniq-id=\"xg8bD\"><strong class=\"brz-cp-color2\">POE<em>M\u00ed<\/em>nimos y otras oqu<em>E<\/em>dades<\/strong><\/h3>\n<\/div>\n<\/div>\n<\/div>\n<div id=\"\" class=\"brz-css-ohfGx brz-wrapper\">\n<div class=\"brz-rich-text brz-rich-text__custom brz-css-pSCgj\" data-brz-custom-id=\"agdQXdHCRWfh\">\n<div data-brz-translate-text=\"1\">\n<p class=\"brz-text-lg-justify brz-tp-lg-paragraph brz-css-w1CeI\" data-uniq-id=\"ro1yf\" data-generated-css=\"brz-css-dQhzU\">\u201cPRIMER PREMIO EN EL XLIX CERTAMEN DE POES\u00cdA DE SALAS DE LOS INFANTES\u201d (BURGOS 2019) <\/p>\n<\/div>\n<\/div>\n<\/div>\n<\/div>\n<\/div>\n<\/div>\n<\/div>\n<div id=\"\" class=\"brz-css-ohfGx brz-wrapper\">\n<div class=\"brz-line brz-line-default brz-css-fgjvg\" data-brz-custom-id=\"syjlbNY6A8as\">\n<hr class=\"brz-hr\"><\/div>\n<\/div>\n<div id=\"\" class=\"brz-css-ohfGx brz-wrapper\">\n<div class=\"brz-rich-text brz-rich-text__custom brz-css-pSCgj\" data-brz-custom-id=\"iZFKdRTRCbAO\">\n<div data-brz-translate-text=\"1\">\n<h3 class=\"brz-tp-lg-heading3 brz-text-lg-center ql-align-center brz-css-eO9QB\" data-uniq-id=\"wkWQx\" data-generated-css=\"brz-css-cs63R\"><span class=\"brz-cp-color2\">Cons\u00edguelo<\/span><\/h3>\n<p class=\"brz-text-lg-center ql-align-center brz-tp-lg-paragraph brz-css-xy1vW\" data-uniq-id=\"vpEdS\" data-generated-css=\"brz-css-vqWYG\"><span class=\"brz-cp-color2\">Descarga el libro electr\u00f3nico a trav\u00e9s del siguiente enlace:<\/span><\/p>\n<\/div>\n<\/div>\n<\/div>\n<div class=\"brz-row__container brz-css-oTJk5\" data-brz-custom-id=\"vdAr6CCOOHFo\">\n<div class=\"brz-bg\"><\/div>\n<div class=\"brz-row brz-css-zOQBC brz-css-aj4o4\">\n<div class=\"brz-columns brz-css-j9PaN brz-css-ws_KT\" data-brz-custom-id=\"jsdD54110346\">\n<div class=\"brz-bg\">\n<div class=\"brz-bg-color\"><\/div>\n<\/div>\n<div class=\"brz-column__items brz-css-ecOVE brz-css-cOoCB\">\n<div id=\"\" class=\"brz-css-ohfGx brz-wrapper\">\n<div class=\"brz-rich-text brz-rich-text__custom brz-css-pSCgj\" data-brz-custom-id=\"lJvOnAOqYLQg\">\n<div data-brz-translate-text=\"1\">\n<h4 class=\"brz-bcp-color7 brz-tp-lg-heading4 brz-text-lg-center ql-align-center brz-css-q65xb\" data-uniq-id=\"dYb8L\" data-generated-css=\"brz-css-c8Yat\"><span class=\"brz-cp-color1\">eBook<\/span><\/h4>\n<h4 class=\"brz-tp-lg-heading4 brz-bcp-color1 brz-text-lg-center ql-align-center brz-css-mVQ3W\" data-uniq-id=\"zseVu\" data-generated-css=\"brz-css-qSw1o\"><span class=\"brz-cp-color1\">1,95&nbsp;\u20ac<\/span><\/h4>\n<\/div>\n<\/div>\n<\/div>\n<div id=\"\" class=\"brz-css-ohfGx brz-wrapper\">\n<div class=\"brz-rich-text brz-rich-text__custom brz-css-pSCgj\" data-brz-custom-id=\"oCuoD7SQf6ga\">\n<div data-brz-translate-text=\"1\">\n<ul>\n<li class=\"brz-text-lg-center ql-align-center brz-tp-lg-paragraph brz-bcp-color2 brz-css-g_vFW\" data-uniq-id=\"e5IlM\" data-generated-css=\"brz-css-uST6B\"><span class=\"brz-cp-color2\">Formato: PDF<\/span><\/li>\n<\/ul>\n<\/div>\n<\/div>\n<\/div>\n<div class=\"brz-wrapper-clone brz-css-zeCxS\">\n<div class=\"brz-d-xs-flex brz-flex-xs-wrap brz-css-q3zTj\" data-brz-custom-id=\"\">\n<div class=\"brz-wrapper-clone__item\" id=\"jNBQNfyEoGMR\"><a class=\"brz-a brz-btn brz-css-kMYPe brz-css-t2Xj5 brz-css-awnjI brz-css-ozQ07\" href=\"https:\/\/www.nievesviesca.com\/blog\/producto\/ebook-poeminimos-y-otras-oquedades\/\" target=\"_blank\" rel=\"noopener\" data-brz-link-type=\"external\" data-brz-custom-id=\"jNBQNfyEoGMR\"><span data-brz-translate-text=\"1\" class=\"brz-span brz-text__editor\">COMPRAR<\/span><\/a><\/div>\n<\/div>\n<\/div>\n<\/div>\n<\/div>\n<\/div>\n<\/div>\n<\/div>\n<\/div>\n<\/section>\n<\/div>\n<p>    <!-- version:1727339968 --><\/p>\n","protected":false},"excerpt":{"rendered":"<p>POEM\u00ednimos y otras oquEdades POEM\u00ednimos y otras oquEdades \u201cPRIMER PREMIO EN EL XLIX CERTAMEN DE POES\u00cdA DE SALAS DE LOS INFANTES\u201d (BURGOS 2019) Cons\u00edguelo Descarga el libro electr\u00f3nico a trav\u00e9s del siguiente enlace: eBook 1,95&nbsp;\u20ac Formato: PDF COMPRAR<\/p>\n","protected":false},"author":1,"featured_media":0,"parent":0,"menu_order":0,"comment_status":"closed","ping_status":"closed","template":"brizy-blank-template.php","meta":{"_bbp_topic_count":0,"_bbp_reply_count":0,"_bbp_total_topic_count":0,"_bbp_total_reply_count":0,"_bbp_voice_count":0,"_bbp_anonymous_reply_count":0,"_bbp_topic_count_hidden":0,"_bbp_reply_count_hidden":0,"_bbp_forum_subforum_count":0,"om_disable_all_campaigns":false,"_monsterinsights_skip_tracking":false,"_monsterinsights_sitenote_active":false,"_monsterinsights_sitenote_note":"","_monsterinsights_sitenote_category":0,"jetpack_post_was_ever_published":false,"footnotes":""},"aioseo_notices":[],"jetpack_sharing_enabled":true,"jetpack_shortlink":"https:\/\/wp.me\/P6xI8c-2ZY","_links":{"self":[{"href":"https:\/\/www.nievesviesca.com\/blog\/wp-json\/wp\/v2\/pages\/11530"}],"collection":[{"href":"https:\/\/www.nievesviesca.com\/blog\/wp-json\/wp\/v2\/pages"}],"about":[{"href":"https:\/\/www.nievesviesca.com\/blog\/wp-json\/wp\/v2\/types\/page"}],"author":[{"embeddable":true,"href":"https:\/\/www.nievesviesca.com\/blog\/wp-json\/wp\/v2\/users\/1"}],"replies":[{"embeddable":true,"href":"https:\/\/www.nievesviesca.com\/blog\/wp-json\/wp\/v2\/comments?post=11530"}],"version-history":[{"count":17,"href":"https:\/\/www.nievesviesca.com\/blog\/wp-json\/wp\/v2\/pages\/11530\/revisions"}],"predecessor-version":[{"id":17533,"href":"https:\/\/www.nievesviesca.com\/blog\/wp-json\/wp\/v2\/pages\/11530\/revisions\/17533"}],"wp:attachment":[{"href":"https:\/\/www.nievesviesca.com\/blog\/wp-json\/wp\/v2\/media?parent=11530"}],"curies":[{"name":"wp","href":"https:\/\/api.w.org\/{rel}","templated":true}]}}