{"id":11532,"date":"2024-05-13T09:39:49","date_gmt":"2024-05-13T07:39:49","guid":{"rendered":"https:\/\/www.nievesviesca.com\/blog\/?page_id=11532"},"modified":"2024-09-26T10:39:48","modified_gmt":"2024-09-26T08:39:48","slug":"metamorfosis-del-sentimiento-2","status":"publish","type":"page","link":"https:\/\/www.nievesviesca.com\/blog\/metamorfosis-del-sentimiento-2\/","title":{"rendered":"METAMORFOSIS DEL SENTIMIENTO"},"content":{"rendered":"<div class=\"brz-root__container brz-reset-all brz\">\n<section id=\"_jNpDNB_f7R9O\" class=\"brz-section brz-css-y6ZBQ\">\n<div class=\"brz-section__content brz-section--fullWidth brz-css-evIgi brz-css-iPCbL\" data-brz-custom-id=\"wkiBBXJW5QtF\">\n<div class=\"brz-bg\">\n<div class=\"brz-bg-color\"><\/div>\n<\/div>\n<div class=\"brz-container brz-css-wmzwA brz-css-e7dnI\">\n<div id=\"\" class=\"brz-css-nztiz brz-css-tLPOz brz-wrapper\">\n<div class=\"brz-rich-text brz-rich-text__custom brz-css-qDihP\" data-brz-custom-id=\"usjXu35GrVuQ\">\n<div data-brz-translate-text=\"1\">\n<h1 class=\"brz-tp-lg-heading1 brz-text-xs-justify brz-text-lg-justify brz-text-sm-justify brz-css-v51HO\" data-uniq-id=\"xbAuY\" data-generated-css=\"brz-css-zSWPN\"><strong class=\"brz-cp-color8\">Metamorfosis del Sentimiento<\/strong><\/h1>\n<\/div>\n<\/div>\n<\/div>\n<\/div>\n<\/div>\n<\/section>\n<section id=\"_l2RUnnSvbJpy\" class=\"brz-section brz-css-y6ZBQ brz-css-pF0fe\">\n<div class=\"brz-section__content brz-section--fullWidth brz-css-evIgi brz-css-qAMdo\" data-brz-custom-id=\"nklA6WEtCC7A\">\n<div class=\"brz-container brz-css-wmzwA brz-css-oshsb\">\n<div class=\"brz-row__container brz-css-rfQCq\" data-brz-custom-id=\"jPLFQhy8GpBD\">\n<div class=\"brz-bg\"><\/div>\n<div class=\"brz-row brz-css-tdFtL brz-css-yHHEM\">\n<div class=\"brz-columns brz-css-aeK5M brz-css-oWBtp\" data-brz-custom-id=\"hur43WXdYmG6\">\n<div class=\"brz-bg\"><\/div>\n<div class=\"brz-column__items brz-css-zTcGi\">\n<div id=\"\" class=\"brz-css-nztiz brz-wrapper\">\n<div class=\"brz-image brz-css-wcUE8\" data-brz-custom-id=\"uu6YndXUH7oh\"><img decoding=\"async\" class=\"brz-img\" src=\"https:\/\/i0.wp.com\/www.nievesviesca.com\/blog\/wp-content\/uploads\/2017\/02\/POTADA-DE-METAMORFOSIS-DEL-SENTIMIENTO.jpg?w=584&#038;ssl=1\" alt=\"\" loading=\"lazy\" data-recalc-dims=\"1\"><\/div>\n<\/div>\n<\/div>\n<\/div>\n<div class=\"brz-columns brz-css-aeK5M brz-css-g9a9N\" data-brz-custom-id=\"qWGNSa45Sqzp\">\n<div class=\"brz-bg\"><\/div>\n<div class=\"brz-column__items brz-css-zTcGi\">\n<div id=\"\" class=\"brz-css-nztiz brz-wrapper\">\n<div class=\"brz-rich-text brz-rich-text__custom brz-css-qDihP\" data-brz-custom-id=\"uFSXTN6rcZgo\">\n<div data-brz-translate-text=\"1\">\n<h3 class=\"brz-tp-lg-heading3 brz-css-zoiTO\" data-generated-css=\"brz-css-fZDbB\" data-uniq-id=\"r7Tnp\"><strong class=\"brz-cp-color2\">METAMORFOSIS DEL SENTIMIENTO.<\/strong><\/h3>\n<p class=\"brz-tp-lg-paragraph brz-css-gE3gG\" data-generated-css=\"brz-css-vxZG1\" data-uniq-id=\"cXkhA\"><span class=\"brz-cp-color2\">Editorial:&nbsp;Ediciones Carde\u00f1oso (VIGO)&nbsp;|&nbsp;Relato<\/span><\/p>\n<\/div>\n<\/div>\n<\/div>\n<div id=\"\" class=\"brz-css-nztiz brz-wrapper\">\n<div class=\"brz-rich-text brz-rich-text__custom brz-css-qDihP\" data-brz-custom-id=\"sBBhsQ8jt_6z\">\n<div data-brz-translate-text=\"1\">\n<p class=\"brz-tp-lg-paragraph brz-text-lg-justify brz-css-gA4_U\" data-generated-css=\"brz-css-yxvCG\" data-uniq-id=\"f0YwJ\"><span class=\"brz-cp-color2\">Metamorfosis del sentimiento es una serie de relatos circulares donde la autora, a trav\u00e9s de un cuidado lenguaje, explora al ser humano por el devenir de la vida, de c\u00f3mo camina sin poder detenerse. De la transformaci\u00f3n que sufrimos, tanto interior como exteriormente.<\/span><\/p>\n<p class=\"brz-tp-lg-paragraph brz-text-lg-justify brz-css-phgmh\" data-generated-css=\"brz-css-fvp61\" data-uniq-id=\"vZPv3\"><span class=\"brz-cp-color2\">Nieves Viesca logra que el lector se introduzca dentro de los sentimientos de unos inolvidables personajes (La mancha-El Reci\u00e9n Llegado-Pa\u00eds de Eco-El hombre que no usaba corbata\u2026) cuya existencia es un c\u00edrculo de c\u00edrculos que los cierra y los acoge incorpor\u00e1ndolos en el gr\u00e1cil d\u00fao del llegar con el partir.<\/span><\/p>\n<p class=\"brz-tp-lg-paragraph brz-text-lg-justify brz-css-z7HEO\" data-generated-css=\"brz-css-gx4gm\" data-uniq-id=\"bPfrT\"><span class=\"brz-cp-color2\">Juan Artidiello<\/span><\/p>\n<p class=\"brz-tp-lg-paragraph brz-text-lg-justify brz-css-cqfe5\" data-generated-css=\"brz-css-z0v9W\" data-uniq-id=\"raxKa\"><span class=\"brz-cp-color2\">(Catedr\u00e1tico de Literatura)<\/span><\/p>\n<\/div>\n<\/div>\n<\/div>\n<\/div>\n<\/div>\n<\/div>\n<\/div>\n<div id=\"\" class=\"brz-css-nztiz brz-wrapper\">\n<div class=\"brz-line brz-line-default brz-css-b0cyI\" data-brz-custom-id=\"wHYrxqDAQHzF\">\n<hr class=\"brz-hr\"><\/div>\n<\/div>\n<div id=\"\" class=\"brz-css-nztiz brz-wrapper\">\n<div class=\"brz-rich-text brz-rich-text__custom brz-css-qDihP\" data-brz-custom-id=\"pG3r6AzhpAOA\">\n<div data-brz-translate-text=\"1\">\n<h3 data-generated-css=\"brz-css-lxU4R\" data-uniq-id=\"tAVi0\" class=\"ql-align-center brz-text-lg-center brz-tp-lg-heading3 brz-css-iUc65\"><span class=\"brz-cp-color2\">Cons\u00edguelo<\/span><\/h3>\n<p class=\"brz-tp-lg-paragraph ql-align-center brz-text-lg-center brz-css-d2w79\" data-generated-css=\"brz-css-dm_YX\" data-uniq-id=\"ld57s\"><span class=\"brz-cp-color2\">Descarga el libro electr\u00f3nico o compra tu edici\u00f3n f\u00edsica en tu librer\u00eda habitual o a trav\u00e9s de los siguientes distribuidores:<\/span><\/p>\n<\/div>\n<\/div>\n<\/div>\n<div class=\"brz-row__container brz-css-rfQCq\" data-brz-custom-id=\"oKgMGWMENrHD\">\n<div class=\"brz-bg\"><\/div>\n<div class=\"brz-row brz-css-tdFtL brz-css-yHHEM\">\n<div class=\"brz-columns brz-css-aeK5M brz-css-v7OsK\" data-brz-custom-id=\"j4Nq1xL1H798\">\n<div class=\"brz-bg\">\n<div class=\"brz-bg-color\"><\/div>\n<\/div>\n<div class=\"brz-column__items brz-css-zTcGi brz-css-jsggD\">\n<div id=\"\" class=\"brz-css-nztiz brz-wrapper\">\n<div class=\"brz-rich-text brz-rich-text__custom brz-css-qDihP\" data-brz-custom-id=\"bzEbI4UWSK1p\">\n<div data-brz-translate-text=\"1\">\n<h4 class=\"brz-bcp-color7 brz-tp-lg-heading4 brz-text-lg-center ql-align-center brz-css-e2m1Q\" data-uniq-id=\"dYb8L\" data-generated-css=\"brz-css-c8Yat\"><span class=\"brz-cp-color1\">eBook<\/span><\/h4>\n<h4 class=\"brz-tp-lg-heading4 brz-bcp-color1 brz-text-lg-center ql-align-center brz-css-qw3Nh\" data-uniq-id=\"zseVu\" data-generated-css=\"brz-css-qSw1o\"><span class=\"brz-cp-color1\">1,95&nbsp;\u20ac<\/span><\/h4>\n<\/div>\n<\/div>\n<\/div>\n<div id=\"\" class=\"brz-css-nztiz brz-wrapper\">\n<div class=\"brz-rich-text brz-rich-text__custom brz-css-qDihP\" data-brz-custom-id=\"tCNERGLDkuEB\">\n<div data-brz-translate-text=\"1\">\n<ul>\n<li class=\"brz-text-lg-center ql-align-center brz-tp-lg-paragraph brz-bcp-color2 brz-css-wDVOm\" data-uniq-id=\"tIxw6\" data-generated-css=\"brz-css-kK7cS\"><span class=\"brz-cp-color2\">Formato: PDF<\/span><\/li>\n<\/ul>\n<\/div>\n<\/div>\n<\/div>\n<div class=\"brz-wrapper-clone brz-css-baWrn\">\n<div class=\"brz-d-xs-flex brz-flex-xs-wrap brz-css-vrV1i\" data-brz-custom-id=\"\">\n<div class=\"brz-wrapper-clone__item\" id=\"cs4xRCM7ulKT\"><a class=\"brz-a brz-btn brz-css-dGMR2 brz-css-giREE brz-css-zL5nS brz-css-tFRX7\" href=\"https:\/\/www.nievesviesca.com\/blog\/producto\/ebook-metamorfosis-del-sentimiento\/\" target=\"_blank\" rel=\"noopener\" data-brz-link-type=\"external\" data-brz-custom-id=\"cs4xRCM7ulKT\"><span data-brz-translate-text=\"1\" class=\"brz-span brz-text__editor\">COMPRAR<\/span><\/a><\/div>\n<\/div>\n<\/div>\n<\/div>\n<\/div>\n<\/div>\n<\/div>\n<\/div>\n<\/div>\n<\/section>\n<\/div>\n<p>    <!-- version:1727339988 --><\/p>\n","protected":false},"excerpt":{"rendered":"<p>Metamorfosis del Sentimiento METAMORFOSIS DEL SENTIMIENTO. Editorial:&nbsp;Ediciones Carde\u00f1oso (VIGO)&nbsp;|&nbsp;Relato Metamorfosis del sentimiento es una serie de relatos circulares donde la autora, a trav\u00e9s de un cuidado lenguaje, explora al ser humano por el devenir de la vida, de c\u00f3mo camina &hellip; <a href=\"https:\/\/www.nievesviesca.com\/blog\/metamorfosis-del-sentimiento-2\/\">Sigue leyendo <span class=\"meta-nav\">&rarr;<\/span><\/a><\/p>\n","protected":false},"author":1,"featured_media":0,"parent":0,"menu_order":0,"comment_status":"closed","ping_status":"closed","template":"brizy-blank-template.php","meta":{"_bbp_topic_count":0,"_bbp_reply_count":0,"_bbp_total_topic_count":0,"_bbp_total_reply_count":0,"_bbp_voice_count":0,"_bbp_anonymous_reply_count":0,"_bbp_topic_count_hidden":0,"_bbp_reply_count_hidden":0,"_bbp_forum_subforum_count":0,"om_disable_all_campaigns":false,"_monsterinsights_skip_tracking":false,"_monsterinsights_sitenote_active":false,"_monsterinsights_sitenote_note":"","_monsterinsights_sitenote_category":0,"jetpack_post_was_ever_published":false,"footnotes":""},"aioseo_notices":[],"jetpack_sharing_enabled":true,"jetpack_shortlink":"https:\/\/wp.me\/P6xI8c-300","_links":{"self":[{"href":"https:\/\/www.nievesviesca.com\/blog\/wp-json\/wp\/v2\/pages\/11532"}],"collection":[{"href":"https:\/\/www.nievesviesca.com\/blog\/wp-json\/wp\/v2\/pages"}],"about":[{"href":"https:\/\/www.nievesviesca.com\/blog\/wp-json\/wp\/v2\/types\/page"}],"author":[{"embeddable":true,"href":"https:\/\/www.nievesviesca.com\/blog\/wp-json\/wp\/v2\/users\/1"}],"replies":[{"embeddable":true,"href":"https:\/\/www.nievesviesca.com\/blog\/wp-json\/wp\/v2\/comments?post=11532"}],"version-history":[{"count":12,"href":"https:\/\/www.nievesviesca.com\/blog\/wp-json\/wp\/v2\/pages\/11532\/revisions"}],"predecessor-version":[{"id":15338,"href":"https:\/\/www.nievesviesca.com\/blog\/wp-json\/wp\/v2\/pages\/11532\/revisions\/15338"}],"wp:attachment":[{"href":"https:\/\/www.nievesviesca.com\/blog\/wp-json\/wp\/v2\/media?parent=11532"}],"curies":[{"name":"wp","href":"https:\/\/api.w.org\/{rel}","templated":true}]}}