{"id":11534,"date":"2024-05-12T09:41:01","date_gmt":"2024-05-12T07:41:01","guid":{"rendered":"https:\/\/www.nievesviesca.com\/blog\/?page_id=11534"},"modified":"2024-09-26T10:39:44","modified_gmt":"2024-09-26T08:39:44","slug":"la-danza-del-equilibrio-3","status":"publish","type":"page","link":"https:\/\/www.nievesviesca.com\/blog\/la-danza-del-equilibrio-3\/","title":{"rendered":"LA DANZA DEL EQUILIBRIO"},"content":{"rendered":"<div class=\"brz-root__container brz-reset-all brz\">\n<section id=\"_qFHFDoYq8Pfr\" class=\"brz-section brz-css-kQR9M\">\n<div class=\"brz-section__content brz-section--fullWidth brz-css-yPfOI brz-css-iz_tv\" data-brz-custom-id=\"baQMCXpDO2Gq\">\n<div class=\"brz-bg\">\n<div class=\"brz-bg-color\"><\/div>\n<\/div>\n<div class=\"brz-container brz-css-cZbAH brz-css-j2QVF\">\n<div id=\"\" class=\"brz-css-m_GMT brz-css-hTbUy brz-wrapper\">\n<div class=\"brz-rich-text brz-rich-text__custom brz-css-n6gxH\" data-brz-custom-id=\"cDRGwo_Ptx6j\">\n<div data-brz-translate-text=\"1\">\n<h1 class=\"brz-tp-lg-heading1 brz-text-xs-center brz-text-lg-justify brz-text-sm-justify brz-css-eYt_W\" data-generated-css=\"brz-css-tzzG3\" data-uniq-id=\"wzmmu\"><strong class=\"brz-cp-color8\">La Danza del Equilibrio<\/strong><\/h1>\n<\/div>\n<\/div>\n<\/div>\n<\/div>\n<\/div>\n<\/section>\n<section id=\"_aaUWBOYA65GO\" class=\"brz-section brz-css-kQR9M brz-css-owNSM\">\n<div class=\"brz-section__content brz-section--fullWidth brz-css-yPfOI brz-css-wmv7R\" data-brz-custom-id=\"jO6OZejQtqKK\">\n<div class=\"brz-container brz-css-cZbAH brz-css-vA0sr\">\n<div class=\"brz-row__container brz-css-ucpZF\" data-brz-custom-id=\"axbNS6PH_fx2\">\n<div class=\"brz-bg\"><\/div>\n<div class=\"brz-row brz-css-mXlBf brz-css-g2DpZ\">\n<div class=\"brz-columns brz-css-kT8d9 brz-css-l05V9\" data-brz-custom-id=\"x5tOH9O4akid\">\n<div class=\"brz-bg\"><\/div>\n<div class=\"brz-column__items brz-css-aLoRI\">\n<div id=\"\" class=\"brz-css-m_GMT brz-wrapper\">\n<div class=\"brz-image brz-css-cDtxM\" data-brz-custom-id=\"dz4ebWSXSHBK\"><img decoding=\"async\" class=\"brz-img\" src=\"https:\/\/i0.wp.com\/www.nievesviesca.com\/blog\/wp-content\/uploads\/2023\/09\/la-danza-del-equilibrio.jpg?w=584&#038;ssl=1\" alt=\"\" loading=\"lazy\" data-recalc-dims=\"1\"><\/div>\n<\/div>\n<\/div>\n<\/div>\n<div class=\"brz-columns brz-css-kT8d9 brz-css-wsx16\" data-brz-custom-id=\"mCDAvi87xA5D\">\n<div class=\"brz-bg\"><\/div>\n<div class=\"brz-column__items brz-css-aLoRI\">\n<div id=\"\" class=\"brz-css-m_GMT brz-wrapper\">\n<div class=\"brz-rich-text brz-rich-text__custom brz-css-n6gxH\" data-brz-custom-id=\"hYtM6BW0De7Q\">\n<div data-brz-translate-text=\"1\">\n<h3 class=\"brz-tp-lg-heading3 brz-css-jvRSR\" data-generated-css=\"brz-css-uZLaT\" data-uniq-id=\"wPQUE\"><strong class=\"brz-cp-color2\">LA DANZA DEL EQUILIBRIO.<\/strong><\/h3>\n<p class=\"brz-tp-lg-paragraph brz-css-k0nuJ\" data-generated-css=\"brz-css-w9e52\" data-uniq-id=\"lVunG\"><span class=\"brz-cp-color2\">Editorial:&nbsp;Pe\u00f1a T\u00fa&nbsp;|&nbsp;Relato <\/span><\/p>\n<\/div>\n<\/div>\n<\/div>\n<div id=\"\" class=\"brz-css-m_GMT brz-wrapper\">\n<div class=\"brz-rich-text brz-rich-text__custom brz-css-n6gxH\" data-brz-custom-id=\"wzFM1qa9iXJe\">\n<div data-brz-translate-text=\"1\">\n<p class=\"brz-tp-lg-paragraph brz-text-lg-justify brz-css-sCK5C\" data-generated-css=\"brz-css-hPKfE\" data-uniq-id=\"dXAs2\"><span class=\"brz-cp-color2\">La Danza del Equilibrio es el primer libro publicado por Nieves Viesca y suma una colecci\u00f3n de once relatos, donde la autora nos demuestra su capacidad de narradora por medio de personajes a medias ver\u00eddicos o en parte fantasmales, que desde la perplejidad de s\u00ed mismos nos cuentan avatares y vicisitudes, en apuesta constante por la esperanza.<\/span><\/p>\n<p class=\"brz-tp-lg-paragraph brz-text-lg-justify brz-css-eken1\" data-generated-css=\"brz-css-gAXPQ\" data-uniq-id=\"tzc_g\"><span class=\"brz-cp-color2\">Cada historia se centra en un personaje, de forma habitual una mujer, acosada por el miedo y el desconcierto, que recurre con frecuencia al subterfugio de fantas\u00edas quim\u00e9ricas.<\/span><\/p>\n<p class=\"brz-tp-lg-paragraph brz-text-lg-justify brz-css-p1LvA\" data-generated-css=\"brz-css-gNivy\" data-uniq-id=\"zd0s7\"><span class=\"brz-cp-color2\">Editorial Pe\u00f1a T\u00fa<\/span><\/p>\n<\/div>\n<\/div>\n<\/div>\n<\/div>\n<\/div>\n<\/div>\n<\/div>\n<div id=\"\" class=\"brz-css-m_GMT brz-wrapper\">\n<div class=\"brz-line brz-line-default brz-css-d96CB\" data-brz-custom-id=\"eTAsEAzuH0_Y\">\n<hr class=\"brz-hr\"><\/div>\n<\/div>\n<div id=\"\" class=\"brz-css-m_GMT brz-wrapper\">\n<div class=\"brz-rich-text brz-rich-text__custom brz-css-n6gxH\" data-brz-custom-id=\"owZgLtiqLBkL\">\n<div data-brz-translate-text=\"1\">\n<h3 data-generated-css=\"brz-css-lxU4R\" data-uniq-id=\"tAVi0\" class=\"ql-align-center brz-text-lg-center brz-tp-lg-heading3 brz-css-xancE\"><span class=\"brz-cp-color2\">Cons\u00edguelo<\/span><\/h3>\n<p class=\"brz-tp-lg-paragraph ql-align-center brz-text-lg-center brz-css-vuaow\" data-generated-css=\"brz-css-dm_YX\" data-uniq-id=\"ld57s\"><span class=\"brz-cp-color2\">Descarga el libro electr\u00f3nico o compra tu edici\u00f3n f\u00edsica en tu librer\u00eda habitual o a trav\u00e9s de los siguientes distribuidores:<\/span><\/p>\n<\/div>\n<\/div>\n<\/div>\n<div class=\"brz-row__container brz-css-ucpZF\" data-brz-custom-id=\"jPal0Wyu2B1p\">\n<div class=\"brz-bg\"><\/div>\n<div class=\"brz-row brz-css-mXlBf brz-css-g2DpZ\">\n<div class=\"brz-columns brz-css-kT8d9 brz-css-hbkqD\" data-brz-custom-id=\"g9ieYckt3ncI\">\n<div class=\"brz-bg\">\n<div class=\"brz-bg-color\"><\/div>\n<\/div>\n<div class=\"brz-column__items brz-css-aLoRI brz-css-tnj9f\">\n<div id=\"\" class=\"brz-css-m_GMT brz-wrapper\">\n<div class=\"brz-rich-text brz-rich-text__custom brz-css-n6gxH\" data-brz-custom-id=\"aht3rOtdOkvf\">\n<div data-brz-translate-text=\"1\">\n<h4 class=\"brz-bcp-color7 brz-tp-lg-heading4 brz-text-lg-center ql-align-center brz-css-amKzS\" data-uniq-id=\"dYb8L\" data-generated-css=\"brz-css-c8Yat\"><span class=\"brz-cp-color1\">eBook<\/span><\/h4>\n<h4 class=\"brz-tp-lg-heading4 brz-bcp-color1 brz-text-lg-center ql-align-center brz-css-oGfOF\" data-uniq-id=\"zseVu\" data-generated-css=\"brz-css-qSw1o\"><span class=\"brz-cp-color1\">1,95&nbsp;\u20ac<\/span><\/h4>\n<\/div>\n<\/div>\n<\/div>\n<div id=\"\" class=\"brz-css-m_GMT brz-wrapper\">\n<div class=\"brz-rich-text brz-rich-text__custom brz-css-n6gxH\" data-brz-custom-id=\"krVrl25vlGmu\">\n<div data-brz-translate-text=\"1\">\n<ul>\n<li class=\"brz-text-lg-center ql-align-center brz-tp-lg-paragraph brz-bcp-color2 brz-css-dKzB1\" data-uniq-id=\"kNfU1\" data-generated-css=\"brz-css-sd6IL\"><span class=\"brz-cp-color2\">Formato: PDF<\/span><\/li>\n<\/ul>\n<\/div>\n<\/div>\n<\/div>\n<div class=\"brz-wrapper-clone brz-css-nne2X\">\n<div class=\"brz-d-xs-flex brz-flex-xs-wrap brz-css-l212B\" data-brz-custom-id=\"\">\n<div class=\"brz-wrapper-clone__item\" id=\"zgsD7afym22P\"><a class=\"brz-a brz-btn brz-css-hjRAK brz-css-b6Y0G brz-css-leTUD brz-css-bO3k0\" href=\"https:\/\/www.nievesviesca.com\/blog\/producto\/ebook-la-danza-del-equilibrio\/\" target=\"_blank\" rel=\"noopener\" data-brz-link-type=\"external\" data-brz-custom-id=\"zgsD7afym22P\"><span data-brz-translate-text=\"1\" class=\"brz-span brz-text__editor\">COMPRAR<\/span><\/a><\/div>\n<\/div>\n<\/div>\n<\/div>\n<\/div>\n<\/div>\n<\/div>\n<\/div>\n<\/div>\n<\/section>\n<\/div>\n<p>    <!-- version:1727339984 --><\/p>\n","protected":false},"excerpt":{"rendered":"<p>La Danza del Equilibrio LA DANZA DEL EQUILIBRIO. Editorial:&nbsp;Pe\u00f1a T\u00fa&nbsp;|&nbsp;Relato La Danza del Equilibrio es el primer libro publicado por Nieves Viesca y suma una colecci\u00f3n de once relatos, donde la autora nos demuestra su capacidad de narradora por medio &hellip; <a href=\"https:\/\/www.nievesviesca.com\/blog\/la-danza-del-equilibrio-3\/\">Sigue leyendo <span class=\"meta-nav\">&rarr;<\/span><\/a><\/p>\n","protected":false},"author":1,"featured_media":0,"parent":0,"menu_order":0,"comment_status":"closed","ping_status":"closed","template":"brizy-blank-template.php","meta":{"_bbp_topic_count":0,"_bbp_reply_count":0,"_bbp_total_topic_count":0,"_bbp_total_reply_count":0,"_bbp_voice_count":0,"_bbp_anonymous_reply_count":0,"_bbp_topic_count_hidden":0,"_bbp_reply_count_hidden":0,"_bbp_forum_subforum_count":0,"om_disable_all_campaigns":false,"_monsterinsights_skip_tracking":false,"_monsterinsights_sitenote_active":false,"_monsterinsights_sitenote_note":"","_monsterinsights_sitenote_category":0,"jetpack_post_was_ever_published":false,"footnotes":""},"aioseo_notices":[],"jetpack_sharing_enabled":true,"jetpack_shortlink":"https:\/\/wp.me\/P6xI8c-302","_links":{"self":[{"href":"https:\/\/www.nievesviesca.com\/blog\/wp-json\/wp\/v2\/pages\/11534"}],"collection":[{"href":"https:\/\/www.nievesviesca.com\/blog\/wp-json\/wp\/v2\/pages"}],"about":[{"href":"https:\/\/www.nievesviesca.com\/blog\/wp-json\/wp\/v2\/types\/page"}],"author":[{"embeddable":true,"href":"https:\/\/www.nievesviesca.com\/blog\/wp-json\/wp\/v2\/users\/1"}],"replies":[{"embeddable":true,"href":"https:\/\/www.nievesviesca.com\/blog\/wp-json\/wp\/v2\/comments?post=11534"}],"version-history":[{"count":14,"href":"https:\/\/www.nievesviesca.com\/blog\/wp-json\/wp\/v2\/pages\/11534\/revisions"}],"predecessor-version":[{"id":19210,"href":"https:\/\/www.nievesviesca.com\/blog\/wp-json\/wp\/v2\/pages\/11534\/revisions\/19210"}],"wp:attachment":[{"href":"https:\/\/www.nievesviesca.com\/blog\/wp-json\/wp\/v2\/media?parent=11534"}],"curies":[{"name":"wp","href":"https:\/\/api.w.org\/{rel}","templated":true}]}}