{"id":11536,"date":"2024-05-11T09:42:45","date_gmt":"2024-05-11T07:42:45","guid":{"rendered":"https:\/\/www.nievesviesca.com\/blog\/?page_id=11536"},"modified":"2026-04-01T20:25:39","modified_gmt":"2026-04-01T18:25:39","slug":"antologias","status":"publish","type":"page","link":"https:\/\/www.nievesviesca.com\/blog\/antologias\/","title":{"rendered":"ANTOLOG\u00cdAS"},"content":{"rendered":"<div class=\"brz-root__container brz-reset-all brz\">{{ brizy_dc_global_blocks position=&#8217;top&#8217; }}<\/p>\n<section id=\"{{placeholder content='e3sgcmFuZG9tX2lkIH19' key='hW42iKccjcuj'}}_hW42iKccjcuj\" class=\"brz-section brz-css-km0LS\">\n<div class=\"brz-section__content brz-section--fullWidth brz-css-iRUga brz-css-wqfYW\" data-brz-custom-id=\"o2Vwu3IQ23y9\">\n<div class=\"brz-bg\">\n<div class=\"brz-bg-color\"><\/div>\n<\/div>\n<div class=\"brz-container brz-css-iToep brz-css-jIzbu\">\n<div id=\"\" class=\"brz-css-iHpQy brz-css-kMwGF brz-wrapper\">\n<div class=\"brz-rich-text brz-rich-text__custom brz-css-a521G\" data-brz-custom-id=\"qADBw4sq4Zk_\">\n<div data-brz-translate-text=\"1\">\n<h1 class=\"brz-tp-lg-heading1 brz-text-xs-justify brz-text-lg-justify brz-text-sm-justify brz-css-oW_8V\" data-generated-css=\"brz-css-rO1wc\" data-uniq-id=\"sevbo\"><strong class=\"brz-cp-color8\" style=\"color: rgba(var(--brz-global-color8),1);\">Antolog\u00edas VV.AA.<\/strong><\/h1>\n<\/div>\n<\/div>\n<\/div>\n<\/div>\n<\/div>\n<\/section>\n<section id=\"{{placeholder content='e3sgcmFuZG9tX2lkIH19' key='wfkW3lPUGkrU'}}_wfkW3lPUGkrU\" class=\"brz-section brz-css-km0LS\">\n<div class=\"brz-section__content brz-section--boxed brz-css-iRUga brz-css-dV0pz\" data-brz-custom-id=\"cQhVeISKTN6I\">\n<div class=\"brz-bg\">\n<div class=\"brz-bg-color\"><\/div>\n<\/div>\n<div class=\"brz-container brz-css-iToep\">\n<div id=\"\" class=\"brz-css-iHpQy brz-css-dEWwO brz-wrapper\">\n<div class=\"brz-image brz-css-jANIT brz-css-pG55n\" data-brz-custom-id=\"voHkSrPIOal_\"><picture class=\"brz-picture brz-d-block brz-p-relative brz-css-hpJ94 brz-css-aZHSd\"><source srcset=\"https:\/\/nievesviesca.com\/blog?brizy_media=wp-cd8a44419819ce1b14d973a3784c01ab.jpg&amp;brizy_crop=original 1x, https:\/\/nievesviesca.com\/blog?brizy_media=wp-cd8a44419819ce1b14d973a3784c01ab.jpg&amp;brizy_crop=original 2x\" media=\"(min-width: 992px)\"><source srcset=\"https:\/\/nievesviesca.com\/blog?brizy_media=wp-cd8a44419819ce1b14d973a3784c01ab.jpg&amp;brizy_crop=original 1x, https:\/\/nievesviesca.com\/blog?brizy_media=wp-cd8a44419819ce1b14d973a3784c01ab.jpg&amp;brizy_crop=original 2x\" media=\"(min-width: 768px)\"><img decoding=\"async\" class=\"brz-img\" srcset=\"https:\/\/nievesviesca.com\/blog?brizy_media=wp-cd8a44419819ce1b14d973a3784c01ab.jpg&amp;brizy_crop=original 1x, https:\/\/nievesviesca.com\/blog?brizy_media=wp-cd8a44419819ce1b14d973a3784c01ab.jpg&amp;brizy_crop=original 2x\" src=\"https:\/\/nievesviesca.com\/blog?brizy_media=wp-cd8a44419819ce1b14d973a3784c01ab.jpg&amp;brizy_crop=original\" alt=\"{{placeholder content='e3sgYnJpenlfZGNfaW1hZ2VfYWx0IH19' imageSrc='wp-cd8a44419819ce1b14d973a3784c01ab.jpg'}}\" draggable=\"false\" loading=\"lazy\"><\/picture><\/div>\n<\/div>\n<div class=\"brz-row__container brz-css-qkT1P\" data-brz-custom-id=\"ceTiZmhzcFT7\">\n<div class=\"brz-bg\"><\/div>\n<div class=\"brz-row brz-css-ik2Fl brz-css-c78SE\">\n<div class=\"brz-columns brz-css-ax0Xg brz-css-pcvB0\" data-brz-custom-id=\"oBbCDnqwZUPO\">\n<div class=\"brz-bg\">\n<div class=\"brz-bg-color\"><\/div>\n<\/div>\n<div class=\"brz-column__items brz-css-yXbER\">\n<div id=\"\" class=\"brz-css-iHpQy brz-wrapper\">\n<div class=\"brz-rich-text brz-rich-text__custom brz-css-a521G\" data-brz-custom-id=\"gZusQacroYSu\">\n<div data-brz-translate-text=\"1\">\n<p class=\"brz-tp-lg-paragraph brz-css-pDYu5\" data-uniq-id=\"zUabK\" data-generated-css=\"brz-css-xa2V7\"><strong class=\"brz-cp-color7\"> <\/strong><\/p>\n<p class=\"brz-tp-lg-paragraph brz-css-g1eH3\" data-uniq-id=\"zUabK\" data-generated-css=\"brz-css-xa2V7\"><strong class=\"brz-cp-color7\"> ANTOLOG\u00cdAS Y LIBROS COLECTIVOS<\/strong><\/p>\n<p class=\"brz-tp-lg-paragraph brz-css-zJK5g\" data-uniq-id=\"zUabK\" data-generated-css=\"brz-css-xa2V7\"><strong class=\"brz-cp-color7\"> <\/strong><\/p>\n<p class=\"brz-tp-lg-paragraph brz-css-pJp8Q\" data-uniq-id=\"zUabK\" data-generated-css=\"brz-css-xa2V7\"><strong class=\"brz-cp-color7\">Tejedores de palabras<\/strong><span class=\"brz-cp-color7\">&nbsp;(2005).<\/span><\/p>\n<p class=\"brz-tp-lg-paragraph brz-css-mGJCe\" data-uniq-id=\"eyWWv\" data-generated-css=\"brz-css-iEceM\"><strong class=\"brz-cp-color7\"> Sembrando Ilusiones <\/strong><span class=\"brz-cp-color7\">(2003).<\/span><\/p>\n<p class=\"brz-tp-lg-paragraph brz-css-g58wg\" data-uniq-id=\"v69gE\" data-generated-css=\"brz-css-eKzmI\"><strong class=\"brz-cp-color7\">Muestra Siglo XXI de Poes\u00eda en Espa\u00f1ol<\/strong><span class=\"brz-cp-color7\">&nbsp;(2006).<\/span><\/p>\n<p class=\"brz-tp-lg-paragraph brz-css-geeSF\" data-uniq-id=\"daumw\" data-generated-css=\"brz-css-wfdbv\"><strong class=\"brz-cp-color7\">Tankas&nbsp;para la primavera<\/strong><span class=\"brz-cp-color7\">&nbsp;(2007).<\/span><\/p>\n<p class=\"brz-tp-lg-paragraph brz-css-khB1F\" data-uniq-id=\"rVIq6\" data-generated-css=\"brz-css-c6zyw\"><strong class=\"brz-cp-color7\">XX Colecci\u00f3n Voces Nuevas Torremozas de Poes\u00eda<\/strong><span class=\"brz-cp-color7\">&nbsp;(2007).<\/span><\/p>\n<p class=\"brz-tp-lg-paragraph brz-css-mRJ9k\" data-uniq-id=\"yJL2h\" data-generated-css=\"brz-css-a3TN9\"><strong class=\"brz-cp-color7\">Los mejores Bilordios de Pin\u00f3n<\/strong><span class=\"brz-cp-color7\">&nbsp;&nbsp;Ayuntamiento de Oviedo (2007)<\/span><\/p>\n<p class=\"brz-tp-lg-paragraph brz-css-emZMw\" data-uniq-id=\"cV81P\" data-generated-css=\"brz-css-sJLY1\"><strong class=\"brz-cp-color7\">Palabras con \u00c1ngel<\/strong><span class=\"brz-cp-color7\">&nbsp;(2009).<\/span><\/p>\n<p class=\"brz-tp-lg-paragraph brz-css-iUy9w\" data-uniq-id=\"c7K8H\" data-generated-css=\"brz-css-tLotL\"><strong class=\"brz-cp-color7\">Pravia con todas las letras&nbsp;<\/strong><span class=\"brz-cp-color7\">(2014).<\/span><\/p>\n<p class=\"brz-tp-lg-paragraph brz-css-zYgja\" data-uniq-id=\"iOOTd\" data-generated-css=\"brz-css-kJkKF\"><strong class=\"brz-cp-color7\">Alquimia del fuego<\/strong><span class=\"brz-cp-color7\">&nbsp;(Fundaci\u00f3n Zenobia Juan Ram\u00f3n Jim\u00e9nez 2014).<\/span><\/p>\n<p class=\"brz-tp-lg-paragraph brz-css-gmMPr\" data-uniq-id=\"uN1R3\" data-generated-css=\"brz-css-rszwG\"><strong class=\"brz-cp-color7\">Liberando las palabras <\/strong><span class=\"brz-cp-color7\">(2015).<\/span><\/p>\n<p class=\"brz-tp-lg-paragraph brz-css-vuJib\" data-uniq-id=\"btByl\" data-generated-css=\"brz-css-t4fmd\"><strong class=\"brz-cp-color7\">Mina de Palabras&nbsp;<\/strong><span class=\"brz-cp-color7\">(2015).<\/span><\/p>\n<p class=\"brz-tp-lg-paragraph brz-css-uVkZw\" data-uniq-id=\"dkSUq\" data-generated-css=\"brz-css-w9QCd\"><strong class=\"brz-cp-color7\">Me gusta la Navidad&nbsp;<\/strong><span class=\"brz-cp-color7\">(2016).<\/span><\/p>\n<p class=\"brz-tp-lg-paragraph brz-css-g65kS\" data-uniq-id=\"pcXmo\" data-generated-css=\"brz-css-s35mv\"><strong class=\"brz-cp-color7\">Antolog\u00eda po\u00e9tica Rumano-Espa\u00f1ola <\/strong><span class=\"brz-cp-color7\">(2016)<\/span><\/p>\n<p class=\"brz-tp-lg-paragraph brz-css-lnzB7\" data-uniq-id=\"b47JJ\" data-generated-css=\"brz-css-cZZPu\"><strong class=\"brz-cp-color7\">Hay cura para el amor?&nbsp;<\/strong><span class=\"brz-cp-color7\">(2016).<\/span><\/p>\n<p class=\"brz-tp-lg-paragraph brz-css-by7IH\" data-uniq-id=\"p3RXF\" data-generated-css=\"brz-css-erq50\"><strong class=\"brz-cp-color7\">Hablan los&nbsp;poetas<\/strong><span class=\"brz-cp-color7\">&nbsp;(2015\/2017\/2019\/2021\/2023\/2024).<\/span><\/p>\n<p class=\"brz-tp-lg-paragraph brz-css-ftbtK\" data-uniq-id=\"a3XXA\" data-generated-css=\"brz-css-xDjMm\"><strong class=\"brz-cp-color7\">Oviedo libro abierto<\/strong><span class=\"brz-cp-color7\">&nbsp;(Trea, 2017).<\/span><\/p>\n<p class=\"brz-tp-lg-paragraph brz-css-nuusq\" data-uniq-id=\"te8Q_\" data-generated-css=\"brz-css-wDSTn\"><strong class=\"brz-cp-color7\">PoemAEs Audiolibro<\/strong><span class=\"brz-cp-color7\">&nbsp;(2017).<\/span><\/p>\n<p class=\"brz-tp-lg-paragraph brz-css-x4oOd\" data-uniq-id=\"pYFrI\" data-generated-css=\"brz-css-lz2DT\"><strong class=\"brz-cp-color7\">Antolog\u00eda Homenaje a Antonio Machado<\/strong><em class=\"brz-cp-color7\">&nbsp;(<\/em><span class=\"brz-cp-color7\">2018).<\/span><\/p>\n<p class=\"brz-tp-lg-paragraph brz-css-ilq8V\" data-uniq-id=\"eIAkm\" data-generated-css=\"brz-css-gjIAs\"><strong class=\"brz-cp-color7\">Versos\/diVERSOS (<\/strong><span class=\"brz-cp-color7\">2018<\/span><em class=\"brz-cp-color7\">).<\/em><\/p>\n<p class=\"brz-tp-lg-paragraph brz-css-w0WF7\" data-uniq-id=\"gDmMI\" data-generated-css=\"brz-css-eCw6B\"><strong class=\"brz-cp-color7\">Voces del Mediterr\u00e1neo A Miguel Hern\u00e1ndez<\/strong><span class=\"brz-cp-color7\">&nbsp;(2019).<\/span><\/p>\n<p class=\"brz-tp-lg-paragraph brz-css-f9yun\" data-uniq-id=\"wApnm\" data-generated-css=\"brz-css-gHcDG\"><strong class=\"brz-cp-color7\">Algo que decir Vol. XLIX<\/strong><span class=\"brz-cp-color7\">&nbsp;(Ateneo Blasco Ib\u00e1\u00f1ez 2019).<\/span><\/p>\n<p class=\"brz-tp-lg-paragraph brz-css-unOfJ\" data-uniq-id=\"uFjAz\" data-generated-css=\"brz-css-dFZFi\"><strong class=\"brz-cp-color7\">Algo que decir Vol. L&nbsp;<\/strong><span class=\"brz-cp-color7\">(Ateneo Blasco&nbsp;Ib\u00e1\u00f1ez&nbsp;2019).<\/span><\/p>\n<p class=\"brz-tp-lg-paragraph brz-css-aouqd\" data-uniq-id=\"cR3Xt\" data-generated-css=\"brz-css-iDv5z\"><strong class=\"brz-cp-color7\">Algo que decir Vol. LI&nbsp;<\/strong><span class=\"brz-cp-color7\">(Ateneo Blasco Ib\u00e1\u00f1ez 2019).<\/span><\/p>\n<p class=\"brz-tp-lg-paragraph brz-css-rGD42\" data-uniq-id=\"pxqPb\" data-generated-css=\"brz-css-yOsP1\"><strong class=\"brz-cp-color7\">Antolog\u00eda Homenaje a Rosal\u00eda de Castro<\/strong><span class=\"brz-cp-color7\">&nbsp;(2019).<\/span><\/p>\n<p class=\"brz-tp-lg-paragraph brz-css-crslM\" data-uniq-id=\"x8ebc\" data-generated-css=\"brz-css-jN2G1\"><strong class=\"brz-cp-color7\">Primavera Eterna<\/strong><span class=\"brz-cp-color7\">&nbsp;(2020).<\/span><\/p>\n<p class=\"brz-tp-lg-paragraph brz-css-cuk6J\" data-uniq-id=\"jJfI_\" data-generated-css=\"brz-css-ooAkv\"><strong class=\"brz-cp-color7\">Plaquette Po\u00e9ticAsturias&nbsp;<\/strong><span class=\"brz-cp-color7\">(2020).<\/span><\/p>\n<p class=\"brz-tp-lg-paragraph brz-css-gVWQB\" data-uniq-id=\"ar74W\" data-generated-css=\"brz-css-h3uLX\"><span class=\"brz-cp-color7\"> <\/span><strong class=\"brz-cp-color7\">Certamen de Poes\u00eda en Lengua Espa\u00f1ola<\/strong><span class=\"brz-cp-color7\"> (2021).<\/span><\/p>\n<p class=\"brz-tp-lg-paragraph brz-css-gFWk1\" data-uniq-id=\"gtNS8\" data-generated-css=\"brz-css-ioXuG\"><strong class=\"brz-cp-color7\">Explorando con Julia&nbsp;<\/strong><span class=\"brz-cp-color7\">(2021).<\/span><\/p>\n<p class=\"brz-tp-lg-paragraph brz-css-tN0y2\" data-uniq-id=\"pD_5R\" data-generated-css=\"brz-css-vv9WJ\"><strong class=\"brz-cp-color7\">Con una mirada diferente<\/strong><span class=\"brz-cp-color7\"> (Poemas de Miguel Hern\u00e1ndez (2022) .<\/span><\/p>\n<p class=\"brz-tp-lg-paragraph brz-css-vMkIi\" data-uniq-id=\"gQiKl\" data-generated-css=\"brz-css-fZlm6\"><strong class=\"brz-cp-color7\">Homenaje a G.Adolfo B\u00e9cquer&nbsp;<\/strong><span class=\"brz-cp-color7\">(2022).<\/span><\/p>\n<p class=\"brz-tp-lg-paragraph brz-css-fSowZ\" data-uniq-id=\"kDaiD\" data-generated-css=\"brz-css-yqGcx\"><strong class=\"brz-cp-color7\">Palabra de mujer<\/strong><span class=\"brz-cp-color7\"> (2022) <\/span><\/p>\n<p class=\"brz-tp-lg-paragraph brz-css-babc2\" data-uniq-id=\"bKqhE\" data-generated-css=\"brz-css-egSt2\"><strong class=\"brz-cp-color7\">XXV Encuentro de Poetas en Red <\/strong><span class=\"brz-cp-color7\">(And\u00fajar 2023).<\/span><\/p>\n<p class=\"brz-tp-lg-paragraph brz-css-pKkFs\" data-uniq-id=\"nWfIc\" data-generated-css=\"brz-css-v6ezY\"><strong class=\"brz-cp-color7\">Antolog\u00eda Homenaje a Antonio Gala<\/strong><span class=\"brz-cp-color7\"> (2023).<\/span><\/p>\n<p class=\"brz-tp-lg-paragraph brz-css-pnJCv\" data-uniq-id=\"m9PZI\" data-generated-css=\"brz-css-cDvmU\"><strong class=\"brz-cp-color7\">Antolog\u00eda V Festival Internacional Benidorm\/Costa Blanca<\/strong><span class=\"brz-cp-color7\"> (2024).<\/span><\/p>\n<p class=\"brz-fsft-lg-0 brz-fwdth-lg-100 brz-vfw-lg-400 brz-lh-lg-1_9 brz-ls-lg-0 brz-fw-lg-400 brz-fss-lg-px brz-fs-lg-16 brz-ft-google brz-ff-red_hat_text brz-tp-lg-empty brz-css-cCLwH\" data-uniq-id=\"ydEFv\" data-generated-css=\"brz-css-gXe2R\"><strong class=\"brz-cp-color7 brz-bold-true\">Antolog\u00eda Homenaje a Miguel Hern\u00e1ndez -Quart de Poblet<\/strong><span class=\"brz-cp-color7\"> -Valencia (2024).<\/span><\/p>\n<p class=\"brz-tp-lg-empty brz-ff-red_hat_text brz-ft-google brz-fs-lg-16 brz-fss-lg-px brz-fw-lg-400 brz-ls-lg-0 brz-lh-lg-1_9 brz-vfw-lg-400 brz-fwdth-lg-100 brz-fsft-lg-0 brz-css-h9hdO\" data-uniq-id=\"x0oBs\" data-generated-css=\"brz-css-wIj3_\"><strong class=\"brz-cp-color7 brz-bold-true\">R\u00edmas Sonoras<\/strong><span class=\"brz-cp-color7\"> (Casa De C\u00f3rdoba en Madrid 2025).<\/span><\/p>\n<p class=\"brz-fsft-lg-0 brz-fwdth-lg-100 brz-vfw-lg-400 brz-lh-lg-1_9 brz-ls-lg-0 brz-fw-lg-400 brz-fss-lg-px brz-fs-lg-16 brz-ft-google brz-ff-red_hat_text brz-tp-lg-empty brz-css-sW5Yo\" data-uniq-id=\"hctK6\" data-generated-css=\"brz-css-iLy64\"><strong class=\"brz-cp-color7 brz-bold-true\" style=\"color: rgba(var(--brz-global-color7),0.96);\">Antolog\u00eda Po\u00e9tica \u00abDejemos que la palabra vuele\u00bb<\/strong> Liceo Po\u00e9tico de Benidorm (Benidorm 2025).<\/p>\n<p class=\"brz-tp-lg-empty brz-ff-red_hat_text brz-ft-google brz-fs-lg-16 brz-fss-lg-px brz-fw-lg-400 brz-ls-lg-0 brz-lh-lg-1_9 brz-vfw-lg-400 brz-fwdth-lg-100 brz-fsft-lg-0 brz-css-e9R_Q\" data-uniq-id=\"gCDWc\" data-generated-css=\"brz-css-mYRJT\"><strong class=\"brz-bold-true brz-cp-color7\" style=\"color: rgba(var(--brz-global-color7),0.96);\">Antolog\u00eda Tributo al Premio Cervantes LUIS MATEO D\u00cdEZ<\/strong><span class=\"brz-cp-color7\" style=\"color: rgba(var(--brz-global-color7),0.96);\"> <\/span>(participando en el homenaje en el C.C. Casa de Vacas El Retiro Madrid 2025).<\/p>\n<p class=\"brz-tp-lg-empty brz-ff-red_hat_text brz-ft-google brz-fs-lg-16 brz-fss-lg-px brz-fw-lg-400 brz-ls-lg-0 brz-lh-lg-1_9 brz-vfw-lg-400 brz-fwdth-lg-100 brz-fsft-lg-0 brz-css-mukec\" data-uniq-id=\"xsl57\" data-generated-css=\"brz-css-nzNzb\"><strong class=\"brz-bold-true brz-cp-color7\" style=\"color: rgba(var(--brz-global-color7),0.96);\">Antolog\u00eda \u00abMaldita musa\u00bb ASEAPO <\/strong><span class=\"brz-cp-color7\" style=\"color: rgba(var(--brz-global-color7),0.96);\">(M\u00f3stoles 2025). <\/span><\/p>\n<p class=\"brz-tp-lg-empty brz-ff-red_hat_text brz-ft-google brz-fs-lg-16 brz-fss-lg-px brz-fw-lg-400 brz-ls-lg-0 brz-lh-lg-1_9 brz-vfw-lg-400 brz-fwdth-lg-100 brz-fsft-lg-0 brz-css-zxys8\" data-uniq-id=\"k0DSr\" data-generated-css=\"brz-css-qdwyZ\"><strong class=\"brz-bold-true brz-cp-color7\" style=\"color: rgba(var(--brz-global-color7),0.96);\">Conversando con Julia y Benedicto <\/strong><span class=\"brz-cp-color7\" style=\"color: rgba(var(--brz-global-color7),0.96);\">(Jornadas EDA Junio 2025). <\/span><\/p>\n<p class=\"brz-fsft-lg-0 brz-fwdth-lg-100 brz-vfw-lg-400 brz-lh-lg-1_9 brz-ls-lg-0 brz-fw-lg-400 brz-fss-lg-px brz-fs-lg-16 brz-ft-google brz-ff-red_hat_text brz-tp-lg-empty brz-css-qir2i\" data-uniq-id=\"jbKqg\" data-generated-css=\"brz-css-jPM6t\"><strong class=\"brz-bold-true brz-cp-color7\" style=\"color: rgba(var(--brz-global-color7),0.96);\">Antolog\u00eda Homenaje a <\/strong><strong class=\"brz-bold-true\" style=\"color: rgba(var(--brz-global-color7),0.96); background-color: initial;\">Rafael Alberti -Quart de Poblet <\/strong><span style=\"color: rgba(var(--brz-global-color7),0.96); background-color: initial;\">-(Valencia2025)<\/span><\/p>\n<p class=\"brz-tp-lg-empty brz-ff-red_hat_text brz-ft-google brz-fs-lg-16 brz-fss-lg-px brz-fw-lg-400 brz-ls-lg-0 brz-lh-lg-1_9 brz-vfw-lg-400 brz-fwdth-lg-100 brz-fsft-lg-0 brz-css-rP34o\" data-uniq-id=\"eHnBT\" data-generated-css=\"brz-css-wqOiA\"><strong class=\"brz-bold-true\" style=\"color: rgba(var(--brz-global-color7),0.96); background-color: initial;\">Antolog\u00eda de Poemas y Narrativa &#8211; VI Congreso de las letras Hispanas<\/strong><span style=\"color: rgba(var(--brz-global-color7),0.96); background-color: initial;\"> (ASORBAEX 2025) <\/span><\/p>\n<p class=\"brz-fsft-lg-0 brz-fwdth-lg-100 brz-vfw-lg-400 brz-lh-lg-1_9 brz-ls-lg-0 brz-fw-lg-400 brz-fss-lg-px brz-fs-lg-16 brz-ft-google brz-ff-red_hat_text brz-tp-lg-empty brz-css-bcPZR\" data-uniq-id=\"uC8Bj\" data-generated-css=\"brz-css-hRCKu\"><strong class=\"brz-bold-true\" style=\"color: rgba(var(--brz-global-color7),0.96); background-color: initial;\">PAZ DE PU\u00d1O Y LETRA<\/strong><span style=\"color: rgba(var(--brz-global-color7),0.96); background-color: initial;\"> (M\u00c1S MADERA 2026)<\/span><\/p>\n<\/div>\n<\/div>\n<\/div>\n<\/div>\n<\/div>\n<\/div>\n<\/div>\n<\/div>\n<\/div>\n<\/section>\n<p>{{ brizy_dc_global_blocks position=&#8217;bottom&#8217; }}<\/p><\/div>\n<p>    <!-- version:1775067939 --><\/p>\n","protected":false},"excerpt":{"rendered":"<p>{{ brizy_dc_global_blocks position=&#8217;top&#8217; }} Antolog\u00edas VV.AA. ANTOLOG\u00cdAS Y LIBROS COLECTIVOS Tejedores de palabras&nbsp;(2005). Sembrando Ilusiones (2003). Muestra Siglo XXI de Poes\u00eda en Espa\u00f1ol&nbsp;(2006). Tankas&nbsp;para la primavera&nbsp;(2007). XX Colecci\u00f3n Voces Nuevas Torremozas de Poes\u00eda&nbsp;(2007). Los mejores Bilordios de Pin\u00f3n&nbsp;&nbsp;Ayuntamiento de Oviedo &hellip; <a href=\"https:\/\/www.nievesviesca.com\/blog\/antologias\/\">Sigue leyendo <span class=\"meta-nav\">&rarr;<\/span><\/a><\/p>\n","protected":false},"author":1,"featured_media":0,"parent":0,"menu_order":0,"comment_status":"closed","ping_status":"closed","template":"brizy-blank-template.php","meta":{"_bbp_topic_count":0,"_bbp_reply_count":0,"_bbp_total_topic_count":0,"_bbp_total_reply_count":0,"_bbp_voice_count":0,"_bbp_anonymous_reply_count":0,"_bbp_topic_count_hidden":0,"_bbp_reply_count_hidden":0,"_bbp_forum_subforum_count":0,"om_disable_all_campaigns":false,"_monsterinsights_skip_tracking":false,"_monsterinsights_sitenote_active":false,"_monsterinsights_sitenote_note":"","_monsterinsights_sitenote_category":0,"jetpack_post_was_ever_published":false,"footnotes":""},"aioseo_notices":[],"jetpack_sharing_enabled":true,"jetpack_shortlink":"https:\/\/wp.me\/P6xI8c-304","_links":{"self":[{"href":"https:\/\/www.nievesviesca.com\/blog\/wp-json\/wp\/v2\/pages\/11536"}],"collection":[{"href":"https:\/\/www.nievesviesca.com\/blog\/wp-json\/wp\/v2\/pages"}],"about":[{"href":"https:\/\/www.nievesviesca.com\/blog\/wp-json\/wp\/v2\/types\/page"}],"author":[{"embeddable":true,"href":"https:\/\/www.nievesviesca.com\/blog\/wp-json\/wp\/v2\/users\/1"}],"replies":[{"embeddable":true,"href":"https:\/\/www.nievesviesca.com\/blog\/wp-json\/wp\/v2\/comments?post=11536"}],"version-history":[{"count":30,"href":"https:\/\/www.nievesviesca.com\/blog\/wp-json\/wp\/v2\/pages\/11536\/revisions"}],"predecessor-version":[{"id":19681,"href":"https:\/\/www.nievesviesca.com\/blog\/wp-json\/wp\/v2\/pages\/11536\/revisions\/19681"}],"wp:attachment":[{"href":"https:\/\/www.nievesviesca.com\/blog\/wp-json\/wp\/v2\/media?parent=11536"}],"curies":[{"name":"wp","href":"https:\/\/api.w.org\/{rel}","templated":true}]}}