{"id":11550,"date":"2024-05-08T09:46:32","date_gmt":"2024-05-08T07:46:32","guid":{"rendered":"https:\/\/www.nievesviesca.com\/blog\/?page_id=11550"},"modified":"2026-01-06T21:38:41","modified_gmt":"2026-01-06T20:38:41","slug":"prensa","status":"publish","type":"page","link":"https:\/\/www.nievesviesca.com\/blog\/prensa\/","title":{"rendered":"PRENSA"},"content":{"rendered":"<div class=\"brz-root__container brz-reset-all brz\">{{ brizy_dc_global_blocks position=&#8217;top&#8217; }}<\/p>\n<section id=\"{{placeholder content='e3sgcmFuZG9tX2lkIH19' key='qtoouBHdRnLs'}}_qtoouBHdRnLs\" class=\"brz-section brz-css-bEnTp\">\n<div class=\"brz-section__content brz-section--fullWidth brz-css-vIXt8 brz-css-j6xYW\" data-brz-custom-id=\"kGcqHiNZaQoy\">\n<div class=\"brz-bg\">\n<div class=\"brz-bg-color\"><\/div>\n<\/div>\n<div class=\"brz-container brz-css-hCBMk brz-css-g_JmS\">\n<div id=\"\" class=\"brz-css-h1EqA brz-css-nOlTH brz-wrapper\">\n<div class=\"brz-rich-text brz-rich-text__custom brz-css-uN0YJ\" data-brz-custom-id=\"uljfntwkL7dy\">\n<div data-brz-translate-text=\"1\">\n<h1 class=\"brz-text-lg-justify brz-text-xs-justify brz-text-sm-justify brz-tp-lg-heading1 brz-css-wwr3E\" data-generated-css=\"brz-css-gsURc\" data-uniq-id=\"jQWli\"><span class=\"brz-cp-color8\" style=\"color: rgba(var(--brz-global-color8),1);\">Prensa&#8230;<\/span><\/h1>\n<\/div>\n<\/div>\n<\/div>\n<\/div>\n<\/div>\n<\/section>\n<section id=\"{{placeholder content='e3sgcmFuZG9tX2lkIH19' key='rkRZxCOmrM7H'}}_rkRZxCOmrM7H\" class=\"brz-section brz-css-bEnTp brz-css-eaIgo\">\n<div class=\"brz-section__content brz-section--fullWidth brz-css-vIXt8 brz-css-nWT6i\" data-brz-custom-id=\"x0XCyDzHRSqj\">\n<div class=\"brz-container brz-css-hCBMk brz-css-clSUO\">\n<div class=\"brz-row__container brz-css-an3TI\" data-brz-custom-id=\"m6vgBtNn00dI\">\n<div class=\"brz-bg\"><\/div>\n<div class=\"brz-row brz-css-bZegJ brz-css-iMdTA\">\n<div class=\"brz-columns brz-css-bfT5I brz-css-zj600\" data-brz-custom-id=\"aKSAdP5nM4Re\">\n<div class=\"brz-bg\"><\/div>\n<div class=\"brz-column__items brz-css-ngCBG\">\n<div id=\"\" class=\"brz-css-h1EqA brz-wrapper\">\n<div class=\"brz-rich-text brz-rich-text__custom brz-css-uN0YJ\" data-brz-custom-id=\"uQOGpDQoYzq7\">\n<div data-brz-translate-text=\"1\">\n<h3 class=\"brz-tp-lg-heading3 brz-text-lg-center ql-align-center brz-css-wcbow\" data-uniq-id=\"v_hwu\" data-generated-css=\"brz-css-qwt3e\"><span class=\"brz-cp-color2\" style=\"color: rgba(var(--brz-global-color2),1);\"> Informaci\u00f3n<\/span><\/h3>\n<p class=\"brz-text-lg-center ql-align-center brz-tp-lg-paragraph brz-css-rEnyw\" data-uniq-id=\"n7eij\" data-generated-css=\"brz-css-uWV2A\"><span class=\"brz-cp-color2\" style=\"color: rgba(var(--brz-global-color2),1);\">Descargue los archivos adjuntos en esta web, para acceder a la informaci\u00f3n correspondiente, y que podr\u00eda ser \u00fatil para aquellos medios que deseen preparar una nota relacionada con Nieves Viesca.<\/span><\/p>\n<p class=\"brz-text-lg-center ql-align-center brz-tp-lg-paragraph brz-css-gTLT5\" data-uniq-id=\"sU0e8\" data-generated-css=\"brz-css-jIR0B\"><span style=\"color: rgb(5, 16, 202);\"> En esta secci\u00f3n haga <\/span><a class=\"link--external\" style=\"color: rgb(5, 16, 202);\" href=\"https:\/\/www.nievesviesca.com\/blog\/libreria\/\" data-brz-link-type=\"external\">CLIK en la portada de cada libro o en TIENDA  para ver la informaci\u00f3n y adquirirlo <\/a><\/p>\n<\/div>\n<\/div>\n<\/div>\n<\/div>\n<\/div>\n<\/div>\n<\/div>\n<div class=\"brz-row__container brz-css-an3TI\" data-brz-custom-id=\"aBGGeS2qV5ZI\">\n<div class=\"brz-bg\"><\/div>\n<div class=\"brz-row brz-css-bZegJ\">\n<div class=\"brz-columns brz-css-bfT5I\" data-brz-custom-id=\"r_948SuHtqOA\">\n<div class=\"brz-bg\"><\/div>\n<div class=\"brz-column__items brz-css-ngCBG\">\n<div id=\"\" class=\"brz-css-h1EqA brz-wrapper\">\n<div class=\"brz-image brz-css-jeANi\" data-brz-custom-id=\"fZalifVnY9lY\"><picture class=\"brz-picture brz-d-block brz-p-relative brz-css-gVzE3 brz-css-y_bLd\"><source srcset=\"https:\/\/nievesviesca.com\/blog?brizy_media=wp-733b385f32bf13a2fccab8f8ada4c135.jpg&amp;brizy_crop=original 1x, https:\/\/nievesviesca.com\/blog?brizy_media=wp-733b385f32bf13a2fccab8f8ada4c135.jpg&amp;brizy_crop=original 2x\" media=\"(min-width: 992px)\"><source srcset=\"https:\/\/nievesviesca.com\/blog?brizy_media=wp-733b385f32bf13a2fccab8f8ada4c135.jpg&amp;brizy_crop=original 1x, https:\/\/nievesviesca.com\/blog?brizy_media=wp-733b385f32bf13a2fccab8f8ada4c135.jpg&amp;brizy_crop=original 2x\" media=\"(min-width: 768px)\"><img decoding=\"async\" class=\"brz-img\" srcset=\"https:\/\/nievesviesca.com\/blog?brizy_media=wp-733b385f32bf13a2fccab8f8ada4c135.jpg&amp;brizy_crop=original 1x, https:\/\/nievesviesca.com\/blog?brizy_media=wp-733b385f32bf13a2fccab8f8ada4c135.jpg&amp;brizy_crop=original 2x\" src=\"https:\/\/nievesviesca.com\/blog?brizy_media=wp-733b385f32bf13a2fccab8f8ada4c135.jpg&amp;brizy_crop=original\" alt=\"{{placeholder content='e3sgYnJpenlfZGNfaW1hZ2VfYWx0IH19' imageSrc='wp-733b385f32bf13a2fccab8f8ada4c135.jpg'}}\" draggable=\"false\" loading=\"lazy\"><\/picture><\/div>\n<\/div>\n<div id=\"\" class=\"brz-css-h1EqA brz-wrapper\">\n<div class=\"brz-rich-text brz-rich-text__custom brz-css-uN0YJ\" data-brz-custom-id=\"kPiSLjdyMVct\">\n<div data-brz-translate-text=\"1\">\n<p class=\"brz-text-lg-justify brz-tp-lg-paragraph brz-css-lVxg2\" data-uniq-id=\"e3XnH\" data-generated-css=\"brz-css-zcWMW\"><strong class=\"brz-cp-color2\" style=\"color: rgba(var(--brz-global-color2),1);\"> <\/strong><\/p>\n<p class=\"brz-text-lg-justify brz-tp-lg-paragraph brz-css-g0rTc\" data-uniq-id=\"o1Anw\" data-generated-css=\"brz-css-oQ5oZ\"><strong class=\"brz-cp-color2\" style=\"color: rgba(var(--brz-global-color2),1);\">La descarga de todos archivos conllevan la aceptaci\u00f3n de los siguientes t\u00e9rminos y condiciones:<\/strong><\/p>\n<p class=\"brz-text-lg-justify brz-tp-lg-paragraph brz-css-p3em0\" data-uniq-id=\"tBQb1\" data-generated-css=\"brz-css-dixSr\"><strong class=\"brz-cp-color2\" style=\"color: rgba(var(--brz-global-color2),1);\"> <\/strong><\/p>\n<p class=\"brz-text-lg-justify brz-tp-lg-paragraph brz-css-ySGhL\" data-uniq-id=\"tRfsi\" data-generated-css=\"brz-css-ppxoo\"><strong class=\"brz-cp-color2\" style=\"color: rgba(var(--brz-global-color2),1);\">Nieves Viesca<\/strong><span class=\"brz-cp-color2\" style=\"color: rgba(var(--brz-global-color2),1);\"> se reserva todos los derechos de su propiedad intelectual. El logotipo, as\u00ed como todo el material incluido en los archivos son propiedad de la autora y est\u00e1n protegidos por copyright o dem\u00e1s leyes de dicha propiedad.<\/span><\/p>\n<\/div>\n<\/div>\n<\/div>\n<\/div>\n<\/div>\n<div class=\"brz-columns brz-css-bfT5I\" data-brz-custom-id=\"zid2eIxJTJbN\">\n<div class=\"brz-bg\"><\/div>\n<div class=\"brz-column__items brz-css-ngCBG\">\n<div class=\"brz-row__container brz-css-an3TI\" data-brz-custom-id=\"hYgJjoo9ex1D\">\n<div class=\"brz-bg\"><\/div>\n<div class=\"brz-row brz-row--inner brz-css-bZegJ\">\n<div class=\"brz-columns brz-css-bfT5I brz-css-wAFO5\" data-brz-custom-id=\"nQpQiliAMtcn\">\n<div class=\"brz-bg\"><\/div>\n<div class=\"brz-column__items brz-css-ngCBG\">\n<div id=\"\" class=\"brz-css-h1EqA brz-css-e8fAg brz-wrapper\">\n<div class=\"brz-image brz-css-cGh_t brz-css-p5V2S\" data-brz-custom-id=\"rHVxz2VHYdUy\"><a class=\"brz-a\" href=\"https:\/\/www.casadellibro.com\/libro-cajas-o-donde-guardar-el-desencanto\/9791399096224\/17675669\" target=\"_self\" rel=\"noopener\" data-brz-link-type=\"external\"><picture class=\"brz-picture brz-d-block brz-p-relative brz-css-miBqs brz-css-rlKmd\"><source srcset=\"https:\/\/nievesviesca.com\/blog?brizy_media=wp-47a644ad075d5daa703755112782e131.jpg&amp;brizy_crop=original 1x, https:\/\/nievesviesca.com\/blog?brizy_media=wp-47a644ad075d5daa703755112782e131.jpg&amp;brizy_crop=original 2x\" media=\"(min-width: 992px)\"><source srcset=\"https:\/\/nievesviesca.com\/blog?brizy_media=wp-47a644ad075d5daa703755112782e131.jpg&amp;brizy_crop=original 1x, https:\/\/nievesviesca.com\/blog?brizy_media=wp-47a644ad075d5daa703755112782e131.jpg&amp;brizy_crop=original 2x\" media=\"(min-width: 768px)\"><img decoding=\"async\" class=\"brz-img\" srcset=\"https:\/\/nievesviesca.com\/blog?brizy_media=wp-47a644ad075d5daa703755112782e131.jpg&amp;brizy_crop=original 1x, https:\/\/nievesviesca.com\/blog?brizy_media=wp-47a644ad075d5daa703755112782e131.jpg&amp;brizy_crop=original 2x\" src=\"https:\/\/nievesviesca.com\/blog?brizy_media=wp-47a644ad075d5daa703755112782e131.jpg&amp;brizy_crop=original\" alt=\"{{placeholder content='e3sgYnJpenlfZGNfaW1hZ2VfYWx0IH19' imageSrc='wp-47a644ad075d5daa703755112782e131.jpg'}}\" draggable=\"false\" loading=\"lazy\"><\/picture><\/a><\/div>\n<\/div>\n<\/div>\n<\/div>\n<div class=\"brz-columns brz-css-bfT5I brz-css-fLYO_\" data-brz-custom-id=\"nbVbb6ovayxS\">\n<div class=\"brz-bg\"><\/div>\n<div class=\"brz-column__items brz-css-ngCBG\">\n<div id=\"\" class=\"brz-css-h1EqA brz-css-yCpxL brz-wrapper\">\n<div class=\"brz-image brz-css-xe0Lc brz-css-hLL8e\" data-brz-custom-id=\"q028hCD62ZYv\"><a class=\"brz-a\" href=\"{{placeholder content='e3ticml6eV9kY19wZXJtYWxpbmsgcG9zdF9pZD0iMTE1MjQifX0='}}\" target=\"_self\" rel=\"noopener\" data-brz-link-type=\"page\"><picture class=\"brz-picture brz-d-block brz-p-relative brz-css-yINuv brz-css-g6xHJ\"><source srcset=\"https:\/\/nievesviesca.com\/blog?brizy_media=wp-2bd38ba58ddbaa6526ae72b2db9cfb50.jpg&amp;brizy_crop=original 1x, https:\/\/nievesviesca.com\/blog?brizy_media=wp-2bd38ba58ddbaa6526ae72b2db9cfb50.jpg&amp;brizy_crop=original 2x\" media=\"(min-width: 992px)\"><source srcset=\"https:\/\/nievesviesca.com\/blog?brizy_media=wp-2bd38ba58ddbaa6526ae72b2db9cfb50.jpg&amp;brizy_crop=original 1x, https:\/\/nievesviesca.com\/blog?brizy_media=wp-2bd38ba58ddbaa6526ae72b2db9cfb50.jpg&amp;brizy_crop=original 2x\" media=\"(min-width: 768px)\"><img decoding=\"async\" class=\"brz-img\" srcset=\"https:\/\/nievesviesca.com\/blog?brizy_media=wp-2bd38ba58ddbaa6526ae72b2db9cfb50.jpg&amp;brizy_crop=original 1x, https:\/\/nievesviesca.com\/blog?brizy_media=wp-2bd38ba58ddbaa6526ae72b2db9cfb50.jpg&amp;brizy_crop=original 2x\" src=\"https:\/\/nievesviesca.com\/blog?brizy_media=wp-2bd38ba58ddbaa6526ae72b2db9cfb50.jpg&amp;brizy_crop=original\" alt=\"{{placeholder content='e3sgYnJpenlfZGNfaW1hZ2VfYWx0IH19' imageSrc='wp-2bd38ba58ddbaa6526ae72b2db9cfb50.jpg'}}\" draggable=\"false\" loading=\"lazy\"><\/picture><\/a><\/div>\n<\/div>\n<\/div>\n<\/div>\n<\/div>\n<\/div>\n<div class=\"brz-row__container brz-css-an3TI\" data-brz-custom-id=\"qWg3I7J41Imf\">\n<div class=\"brz-bg\"><\/div>\n<div class=\"brz-row brz-row--inner brz-css-bZegJ\">\n<div class=\"brz-columns brz-css-bfT5I brz-css-t8y_3\" data-brz-custom-id=\"tIYkujEGP5pt\">\n<div class=\"brz-bg\"><\/div>\n<div class=\"brz-column__items brz-css-ngCBG\">\n<div id=\"\" class=\"brz-css-h1EqA brz-css-ia9e9 brz-wrapper\">\n<div class=\"brz-image brz-css-gm7pN brz-css-aMnrg\" data-brz-custom-id=\"pNHIeApw9n5Z\"><a class=\"brz-a\" href=\"{{placeholder content='e3ticml6eV9kY19wZXJtYWxpbmsgcG9zdF9pZD0iMTE1MzQifX0='}}\" target=\"_self\" rel=\"noopener\" data-brz-link-type=\"page\"><picture class=\"brz-picture brz-d-block brz-p-relative brz-css-fdHOp brz-css-tYr02\"><source srcset=\"https:\/\/nievesviesca.com\/blog?brizy_media=wp-4a8a0645b5c1172ab5096cd1d65aa418.jpg&amp;brizy_crop=original 1x, https:\/\/nievesviesca.com\/blog?brizy_media=wp-4a8a0645b5c1172ab5096cd1d65aa418.jpg&amp;brizy_crop=original 2x\" media=\"(min-width: 992px)\"><source srcset=\"https:\/\/nievesviesca.com\/blog?brizy_media=wp-4a8a0645b5c1172ab5096cd1d65aa418.jpg&amp;brizy_crop=original 1x, https:\/\/nievesviesca.com\/blog?brizy_media=wp-4a8a0645b5c1172ab5096cd1d65aa418.jpg&amp;brizy_crop=original 2x\" media=\"(min-width: 768px)\"><img decoding=\"async\" class=\"brz-img\" srcset=\"https:\/\/nievesviesca.com\/blog?brizy_media=wp-4a8a0645b5c1172ab5096cd1d65aa418.jpg&amp;brizy_crop=original 1x, https:\/\/nievesviesca.com\/blog?brizy_media=wp-4a8a0645b5c1172ab5096cd1d65aa418.jpg&amp;brizy_crop=original 2x\" src=\"https:\/\/nievesviesca.com\/blog?brizy_media=wp-4a8a0645b5c1172ab5096cd1d65aa418.jpg&amp;brizy_crop=original\" alt=\"{{placeholder content='e3sgYnJpenlfZGNfaW1hZ2VfYWx0IH19' imageSrc='wp-4a8a0645b5c1172ab5096cd1d65aa418.jpg'}}\" draggable=\"false\" loading=\"lazy\"><\/picture><\/a><\/div>\n<\/div>\n<div id=\"\" class=\"brz-css-h1EqA brz-css-igdbe brz-wrapper\">\n<div class=\"brz-image brz-css-kiLQk brz-css-mSaXR\" data-brz-custom-id=\"iClRAtBLxASG\"><a class=\"brz-a\" href=\"{{placeholder content='e3ticml6eV9kY19wZXJtYWxpbmsgcG9zdF9pZD0iMTE1MjYifX0='}}\" target=\"_self\" rel=\"noopener\" data-brz-link-type=\"page\"><picture class=\"brz-picture brz-d-block brz-p-relative brz-css-q6jGR brz-css-rO1BA\"><source srcset=\"https:\/\/nievesviesca.com\/blog?brizy_media=wp-d3ca336a4d0e74b611764e1f2cf83702.jpg&amp;brizy_crop=original 1x, https:\/\/nievesviesca.com\/blog?brizy_media=wp-d3ca336a4d0e74b611764e1f2cf83702.jpg&amp;brizy_crop=original 2x\" media=\"(min-width: 992px)\"><source srcset=\"https:\/\/nievesviesca.com\/blog?brizy_media=wp-d3ca336a4d0e74b611764e1f2cf83702.jpg&amp;brizy_crop=original 1x, https:\/\/nievesviesca.com\/blog?brizy_media=wp-d3ca336a4d0e74b611764e1f2cf83702.jpg&amp;brizy_crop=original 2x\" media=\"(min-width: 768px)\"><img decoding=\"async\" class=\"brz-img\" srcset=\"https:\/\/nievesviesca.com\/blog?brizy_media=wp-d3ca336a4d0e74b611764e1f2cf83702.jpg&amp;brizy_crop=original 1x, https:\/\/nievesviesca.com\/blog?brizy_media=wp-d3ca336a4d0e74b611764e1f2cf83702.jpg&amp;brizy_crop=original 2x\" src=\"https:\/\/nievesviesca.com\/blog?brizy_media=wp-d3ca336a4d0e74b611764e1f2cf83702.jpg&amp;brizy_crop=original\" alt=\"{{placeholder content='e3sgYnJpenlfZGNfaW1hZ2VfYWx0IH19' imageSrc='wp-d3ca336a4d0e74b611764e1f2cf83702.jpg'}}\" draggable=\"false\" loading=\"lazy\"><\/picture><\/a><\/div>\n<\/div>\n<\/div>\n<\/div>\n<div class=\"brz-columns brz-css-bfT5I brz-css-a7rKf\" data-brz-custom-id=\"vHol8G_4ms9_\">\n<div class=\"brz-bg\"><\/div>\n<div class=\"brz-column__items brz-css-ngCBG\">\n<div id=\"\" class=\"brz-css-h1EqA brz-css-nkwx9 brz-wrapper\">\n<div class=\"brz-image brz-css-wzyKd brz-css-kbIgh\" data-brz-custom-id=\"rtL9v7p0JrV6\"><a class=\"brz-a\" href=\"{{placeholder content='e3ticml6eV9kY19wZXJtYWxpbmsgcG9zdF9pZD0iMTE1MjgifX0='}}\" target=\"_self\" rel=\"noopener\" data-brz-link-type=\"page\"><picture class=\"brz-picture brz-d-block brz-p-relative brz-css-uKhlF brz-css-tA9K4\"><source srcset=\"https:\/\/nievesviesca.com\/blog?brizy_media=wp-26857e59d98840f5d6e2ecd882a78457.jpg&amp;brizy_crop=original 1x, https:\/\/nievesviesca.com\/blog?brizy_media=wp-26857e59d98840f5d6e2ecd882a78457.jpg&amp;brizy_crop=original 2x\" media=\"(min-width: 992px)\"><source srcset=\"https:\/\/nievesviesca.com\/blog?brizy_media=wp-26857e59d98840f5d6e2ecd882a78457.jpg&amp;brizy_crop=original 1x, https:\/\/nievesviesca.com\/blog?brizy_media=wp-26857e59d98840f5d6e2ecd882a78457.jpg&amp;brizy_crop=original 2x\" media=\"(min-width: 768px)\"><img decoding=\"async\" class=\"brz-img\" srcset=\"https:\/\/nievesviesca.com\/blog?brizy_media=wp-26857e59d98840f5d6e2ecd882a78457.jpg&amp;brizy_crop=original 1x, https:\/\/nievesviesca.com\/blog?brizy_media=wp-26857e59d98840f5d6e2ecd882a78457.jpg&amp;brizy_crop=original 2x\" src=\"https:\/\/nievesviesca.com\/blog?brizy_media=wp-26857e59d98840f5d6e2ecd882a78457.jpg&amp;brizy_crop=original\" alt=\"{{placeholder content='e3sgYnJpenlfZGNfaW1hZ2VfYWx0IH19' imageSrc='wp-26857e59d98840f5d6e2ecd882a78457.jpg'}}\" draggable=\"false\" loading=\"lazy\"><\/picture><\/a><\/div>\n<\/div>\n<div id=\"\" class=\"brz-css-h1EqA brz-css-m_YE4 brz-wrapper\">\n<div class=\"brz-image brz-css-oa91d brz-css-zZYO7\" data-brz-custom-id=\"iy8vvFMg2uup\"><a class=\"brz-a\" href=\"{{placeholder content='e3ticml6eV9kY19wZXJtYWxpbmsgcG9zdF9pZD0iMTE1MzIifX0='}}\" target=\"_self\" rel=\"noopener\" data-brz-link-type=\"page\"><picture class=\"brz-picture brz-d-block brz-p-relative brz-css-rBDjC brz-css-dfssh\"><source srcset=\"https:\/\/nievesviesca.com\/blog?brizy_media=wp-3ed5454ef648097c92cb3cbfbb724fd9.jpg&amp;brizy_crop=original 1x, https:\/\/nievesviesca.com\/blog?brizy_media=wp-3ed5454ef648097c92cb3cbfbb724fd9.jpg&amp;brizy_crop=original 2x\" media=\"(min-width: 992px)\"><source srcset=\"https:\/\/nievesviesca.com\/blog?brizy_media=wp-3ed5454ef648097c92cb3cbfbb724fd9.jpg&amp;brizy_crop=original 1x, https:\/\/nievesviesca.com\/blog?brizy_media=wp-3ed5454ef648097c92cb3cbfbb724fd9.jpg&amp;brizy_crop=original 2x\" media=\"(min-width: 768px)\"><img decoding=\"async\" class=\"brz-img\" srcset=\"https:\/\/nievesviesca.com\/blog?brizy_media=wp-3ed5454ef648097c92cb3cbfbb724fd9.jpg&amp;brizy_crop=original 1x, https:\/\/nievesviesca.com\/blog?brizy_media=wp-3ed5454ef648097c92cb3cbfbb724fd9.jpg&amp;brizy_crop=original 2x\" src=\"https:\/\/nievesviesca.com\/blog?brizy_media=wp-3ed5454ef648097c92cb3cbfbb724fd9.jpg&amp;brizy_crop=original\" alt=\"{{placeholder content='e3sgYnJpenlfZGNfaW1hZ2VfYWx0IH19' imageSrc='wp-3ed5454ef648097c92cb3cbfbb724fd9.jpg'}}\" draggable=\"false\" loading=\"lazy\"><\/picture><\/a><\/div>\n<\/div>\n<\/div>\n<\/div>\n<\/div>\n<\/div>\n<div class=\"brz-row__container brz-css-an3TI\" data-brz-custom-id=\"zqFQ3mDm7Iba\">\n<div class=\"brz-bg\"><\/div>\n<div class=\"brz-row brz-row--inner brz-css-bZegJ brz-css-iMdTA\">\n<div class=\"brz-columns brz-css-bfT5I\" data-brz-custom-id=\"v_HGqpdATqrI\">\n<div class=\"brz-bg\"><\/div>\n<div class=\"brz-column__items brz-css-ngCBG\">\n<div id=\"\" class=\"brz-css-h1EqA brz-css-vAcZN brz-wrapper\">\n<div class=\"brz-image brz-css-vYhnt brz-css-qGn3p\" data-brz-custom-id=\"y24rvU1xeto2\"><a class=\"brz-a\" href=\"https:\/\/www.nievesviesca.com\/blog\/libreria\/\" target=\"_self\" rel=\"noopener\" data-brz-link-type=\"external\"><picture class=\"brz-picture brz-d-block brz-p-relative brz-css-hRMoY brz-css-faVkn\"><source srcset=\"https:\/\/nievesviesca.com\/blog?brizy_media=wp-67dad7cd3a6a43ea46a90ff2121e0850.jpg&amp;brizy_crop=original 1x, https:\/\/nievesviesca.com\/blog?brizy_media=wp-67dad7cd3a6a43ea46a90ff2121e0850.jpg&amp;brizy_crop=original 2x\" media=\"(min-width: 992px)\"><source srcset=\"https:\/\/nievesviesca.com\/blog?brizy_media=wp-67dad7cd3a6a43ea46a90ff2121e0850.jpg&amp;brizy_crop=original 1x, https:\/\/nievesviesca.com\/blog?brizy_media=wp-67dad7cd3a6a43ea46a90ff2121e0850.jpg&amp;brizy_crop=original 2x\" media=\"(min-width: 768px)\"><img decoding=\"async\" class=\"brz-img\" srcset=\"https:\/\/nievesviesca.com\/blog?brizy_media=wp-67dad7cd3a6a43ea46a90ff2121e0850.jpg&amp;brizy_crop=original 1x, https:\/\/nievesviesca.com\/blog?brizy_media=wp-67dad7cd3a6a43ea46a90ff2121e0850.jpg&amp;brizy_crop=original 2x\" src=\"https:\/\/nievesviesca.com\/blog?brizy_media=wp-67dad7cd3a6a43ea46a90ff2121e0850.jpg&amp;brizy_crop=original\" alt=\"{{placeholder content='e3sgYnJpenlfZGNfaW1hZ2VfYWx0IH19' imageSrc='wp-67dad7cd3a6a43ea46a90ff2121e0850.jpg'}}\" draggable=\"false\" loading=\"lazy\"><\/picture><\/a><\/div>\n<\/div>\n<\/div>\n<\/div>\n<div class=\"brz-columns brz-css-bfT5I\" data-brz-custom-id=\"qh1AjQSZEJCG\">\n<div class=\"brz-bg\"><\/div>\n<div class=\"brz-column__items brz-css-ngCBG\">\n<div id=\"\" class=\"brz-css-h1EqA brz-css-gAaq_ brz-wrapper\">\n<div class=\"brz-image brz-css-wiQFh brz-css-vNDsu\" data-brz-custom-id=\"kKjyzgd9P4fU\"><picture class=\"brz-picture brz-d-block brz-p-relative brz-css-ur3t7 brz-css-xyDuv\"><source srcset=\"https:\/\/nievesviesca.com\/blog?brizy_media=wp-3fe15a494057d1b7086c8bf73f4a9442.jpg&amp;brizy_crop=original 1x, https:\/\/nievesviesca.com\/blog?brizy_media=wp-3fe15a494057d1b7086c8bf73f4a9442.jpg&amp;brizy_crop=original 2x\" media=\"(min-width: 992px)\"><source srcset=\"https:\/\/nievesviesca.com\/blog?brizy_media=wp-3fe15a494057d1b7086c8bf73f4a9442.jpg&amp;brizy_crop=original 1x, https:\/\/nievesviesca.com\/blog?brizy_media=wp-3fe15a494057d1b7086c8bf73f4a9442.jpg&amp;brizy_crop=original 2x\" media=\"(min-width: 768px)\"><img decoding=\"async\" class=\"brz-img\" srcset=\"https:\/\/nievesviesca.com\/blog?brizy_media=wp-3fe15a494057d1b7086c8bf73f4a9442.jpg&amp;brizy_crop=original 1x, https:\/\/nievesviesca.com\/blog?brizy_media=wp-3fe15a494057d1b7086c8bf73f4a9442.jpg&amp;brizy_crop=original 2x\" src=\"https:\/\/nievesviesca.com\/blog?brizy_media=wp-3fe15a494057d1b7086c8bf73f4a9442.jpg&amp;brizy_crop=original\" alt=\"{{placeholder content='e3sgYnJpenlfZGNfaW1hZ2VfYWx0IH19' imageSrc='wp-3fe15a494057d1b7086c8bf73f4a9442.jpg'}}\" draggable=\"false\" loading=\"lazy\"><\/picture><\/div>\n<\/div>\n<\/div>\n<\/div>\n<\/div>\n<\/div>\n<div id=\"\" class=\"brz-css-h1EqA brz-wrapper\">\n<div class=\"brz-rich-text brz-rich-text__custom brz-css-uN0YJ\" data-brz-custom-id=\"nZKTpZ9ZOGTu\">\n<div data-brz-translate-text=\"1\">\n<h3 class=\"brz-fss-lg-px brz-fw-lg-700 brz-ls-lg-m_1_6 brz-lh-lg-1_4 brz-vfw-lg-400 brz-fwdth-lg-100 brz-fsft-lg-0 brz-ff-red_hat_text brz-ft-google brz-fs-lg-24 brz-tp-lg-empty brz-css-qesUb\" data-generated-css=\"brz-css-nUBFI\" data-uniq-id=\"r0uiE\"> <\/h3>\n<h3 class=\"brz-fss-lg-px brz-fw-lg-700 brz-ls-lg-m_1_6 brz-lh-lg-1_4 brz-vfw-lg-400 brz-fwdth-lg-100 brz-fsft-lg-0 brz-ff-red_hat_text brz-ft-google brz-fs-lg-24 brz-tp-lg-empty brz-css-jbXCj\" data-generated-css=\"brz-css-nUBFI\" data-uniq-id=\"r0uiE\">Contenidos<\/h3>\n<p class=\"brz-tp-lg-paragraph brz-css-hx3T2\" data-generated-css=\"brz-css-i58Fx\" data-uniq-id=\"sHpot\"><strong class=\"brz-cp-color2\" style=\"color: rgba(var(--brz-global-color2),1);\">Librer\u00eda, Viagraf\u00eda,&nbsp;Im\u00e1genes, V\u00eddeos, Blog, Prensa, Redes sociales, Contacto etc&#8230;<\/strong><\/p>\n<p class=\"brz-tp-lg-paragraph brz-css-i02uf\" data-generated-css=\"brz-css-dbLi8\" data-uniq-id=\"y14Xr\"><strong class=\"brz-cp-color2\" style=\"color: rgba(var(--brz-global-color2),1);\"> <\/strong><a class=\"link--external\" style=\"color: rgb(5, 30, 202);\" href=\"https:\/\/www.nievesviesca.com\/blog\/contacta-2\/\" data-brz-link-type=\"external\"><strong>info<\/strong><\/a><a class=\"link--external brz-pre-population-visible\" style=\"color: rgb(5, 30, 202);\" href=\"https:\/\/www.nievesviesca.com\/blog\/contacta-2\/\" data-brz-link-type=\"external\"><strong>@nievesviesca.com<\/strong><\/a><\/p>\n<\/div>\n<\/div>\n<\/div>\n<\/div>\n<\/div>\n<\/div>\n<\/div>\n<\/div>\n<\/div>\n<\/section>\n<p>{{ brizy_dc_global_blocks position=&#8217;bottom&#8217; }}<\/p><\/div>\n<p>    <!-- version:1767731921 --><\/p>\n","protected":false},"excerpt":{"rendered":"<p>{{ brizy_dc_global_blocks position=&#8217;top&#8217; }} Prensa&#8230; Informaci\u00f3n Descargue los archivos adjuntos en esta web, para acceder a la informaci\u00f3n correspondiente, y que podr\u00eda ser \u00fatil para aquellos medios que deseen preparar una nota relacionada con Nieves Viesca. En esta secci\u00f3n haga &hellip; <a href=\"https:\/\/www.nievesviesca.com\/blog\/prensa\/\">Sigue leyendo <span class=\"meta-nav\">&rarr;<\/span><\/a><\/p>\n","protected":false},"author":1,"featured_media":0,"parent":0,"menu_order":0,"comment_status":"closed","ping_status":"closed","template":"brizy-blank-template.php","meta":{"_bbp_topic_count":0,"_bbp_reply_count":0,"_bbp_total_topic_count":0,"_bbp_total_reply_count":0,"_bbp_voice_count":0,"_bbp_anonymous_reply_count":0,"_bbp_topic_count_hidden":0,"_bbp_reply_count_hidden":0,"_bbp_forum_subforum_count":0,"om_disable_all_campaigns":false,"_monsterinsights_skip_tracking":false,"_monsterinsights_sitenote_active":false,"_monsterinsights_sitenote_note":"","_monsterinsights_sitenote_category":0,"jetpack_post_was_ever_published":false,"footnotes":""},"aioseo_notices":[],"jetpack_sharing_enabled":true,"jetpack_shortlink":"https:\/\/wp.me\/P6xI8c-30i","_links":{"self":[{"href":"https:\/\/www.nievesviesca.com\/blog\/wp-json\/wp\/v2\/pages\/11550"}],"collection":[{"href":"https:\/\/www.nievesviesca.com\/blog\/wp-json\/wp\/v2\/pages"}],"about":[{"href":"https:\/\/www.nievesviesca.com\/blog\/wp-json\/wp\/v2\/types\/page"}],"author":[{"embeddable":true,"href":"https:\/\/www.nievesviesca.com\/blog\/wp-json\/wp\/v2\/users\/1"}],"replies":[{"embeddable":true,"href":"https:\/\/www.nievesviesca.com\/blog\/wp-json\/wp\/v2\/comments?post=11550"}],"version-history":[{"count":30,"href":"https:\/\/www.nievesviesca.com\/blog\/wp-json\/wp\/v2\/pages\/11550\/revisions"}],"predecessor-version":[{"id":19460,"href":"https:\/\/www.nievesviesca.com\/blog\/wp-json\/wp\/v2\/pages\/11550\/revisions\/19460"}],"wp:attachment":[{"href":"https:\/\/www.nievesviesca.com\/blog\/wp-json\/wp\/v2\/media?parent=11550"}],"curies":[{"name":"wp","href":"https:\/\/api.w.org\/{rel}","templated":true}]}}