{"id":10938,"date":"2023-09-27T11:58:49","date_gmt":"2023-09-27T09:58:49","guid":{"rendered":"https:\/\/www.nievesviesca.com\/blog\/?post_type=product&#038;p=10938"},"modified":"2024-03-02T21:50:03","modified_gmt":"2024-03-02T20:50:03","slug":"ebook-diecinueve-o-veinte-lineas","status":"publish","type":"product","link":"https:\/\/www.nievesviesca.com\/blog\/producto\/ebook-diecinueve-o-veinte-lineas\/","title":{"rendered":"eBook: Diecinueve o Veinte L\u00edneas"},"content":{"rendered":"<p>Tenemos entre nuestras manos un pu\u00f1ado de relatos originales producto, juntamente, de la fantas\u00eda y de la experiencia lectora; retazos de vida que se proyectan como dardos en la mente y en el coraz\u00f3n. Son cuentos que hunden sus ra\u00edces en la oralidad y desde su expresi\u00f3n originaria can\u00f3nica -planteamiento, nudo, desenlace-, por inquieta b\u00fasqueda del valor de la palabra, se desprenden, aqu\u00ed, hacia formas innovadoras.\u2028As\u00ed, en estas p\u00e1ginas, la prosa tensa de Nieves Viesca, transitando por caminos on\u00edricos, se adentra en el espacio de sus fabulaciones, vida hecha palabra en urdimbre de historias inquietantes y sorpresivas. Una serie de microrrelatos agrupados en Diecinueve o Veinte L\u00edneas condensados con la m\u00e1xima econom\u00eda que despliegan en abanico m\u00faltiples sugerencias.\u2028Tierra, Mar, Aire, Fuego, los cuatro elementos conjugan en estas narraciones m\u00ednimas densa carga de humanidad: desasosiego y angustia, temores y esperanza, iron\u00eda y ternura. Diecinueve o veinte l\u00edneas de microrrelatos envueltos en la calidez de un soterrado lirismo.<\/p>\n<p>ISBN: 978-84-92536-29-0<\/p>\n","protected":false},"excerpt":{"rendered":"<p>ISBN: 978-84-92536-29-0 <a href=\"https:\/\/www.nievesviesca.com\/blog\/producto\/ebook-diecinueve-o-veinte-lineas\/\">Sigue leyendo <span class=\"meta-nav\">&rarr;<\/span><\/a><\/p>\n","protected":false},"featured_media":10942,"comment_status":"open","ping_status":"closed","template":"","meta":{"_bbp_topic_count":0,"_bbp_reply_count":0,"_bbp_total_topic_count":0,"_bbp_total_reply_count":0,"_bbp_voice_count":0,"_bbp_anonymous_reply_count":0,"_bbp_topic_count_hidden":0,"_bbp_reply_count_hidden":0,"_bbp_forum_subforum_count":0,"om_disable_all_campaigns":false,"_monsterinsights_skip_tracking":false,"_monsterinsights_sitenote_active":false,"_monsterinsights_sitenote_note":"","_monsterinsights_sitenote_category":0,"jetpack_post_was_ever_published":false,"jetpack_publicize_message":"","jetpack_is_tweetstorm":false,"jetpack_publicize_feature_enabled":true,"jetpack_social_post_already_shared":true,"jetpack_social_options":{"image_generator_settings":{"template":"highway","enabled":false}}},"product_cat":[144],"product_tag":[],"jetpack_publicize_connections":[],"aioseo_notices":[],"jetpack_sharing_enabled":true,"_links":{"self":[{"href":"https:\/\/www.nievesviesca.com\/blog\/wp-json\/wp\/v2\/product\/10938"}],"collection":[{"href":"https:\/\/www.nievesviesca.com\/blog\/wp-json\/wp\/v2\/product"}],"about":[{"href":"https:\/\/www.nievesviesca.com\/blog\/wp-json\/wp\/v2\/types\/product"}],"replies":[{"embeddable":true,"href":"https:\/\/www.nievesviesca.com\/blog\/wp-json\/wp\/v2\/comments?post=10938"}],"wp:featuredmedia":[{"embeddable":true,"href":"https:\/\/www.nievesviesca.com\/blog\/wp-json\/wp\/v2\/media\/10942"}],"wp:attachment":[{"href":"https:\/\/www.nievesviesca.com\/blog\/wp-json\/wp\/v2\/media?parent=10938"}],"wp:term":[{"taxonomy":"product_cat","embeddable":true,"href":"https:\/\/www.nievesviesca.com\/blog\/wp-json\/wp\/v2\/product_cat?post=10938"},{"taxonomy":"product_tag","embeddable":true,"href":"https:\/\/www.nievesviesca.com\/blog\/wp-json\/wp\/v2\/product_tag?post=10938"}],"curies":[{"name":"wp","href":"https:\/\/api.w.org\/{rel}","templated":true}]}}