{"id":10952,"date":"2023-09-28T10:12:31","date_gmt":"2023-09-28T08:12:31","guid":{"rendered":"https:\/\/www.nievesviesca.com\/blog\/?post_type=product&#038;p=10952"},"modified":"2024-03-02T22:31:59","modified_gmt":"2024-03-02T21:31:59","slug":"ebook-el-tunel-y-los-dias","status":"publish","type":"product","link":"https:\/\/www.nievesviesca.com\/blog\/producto\/ebook-el-tunel-y-los-dias\/","title":{"rendered":"eBook: El T\u00fanel y los D\u00edas"},"content":{"rendered":"<p>El verso y la memoria van cogidos de la mano en este poemario, al igual que la brevedad y lo visual, el mito del pasado y el asfalto del presente. Y siempre nos quedar\u00e1 la esperanza,\u00a0<em>\u00abLa Esperanza \/ que vuela todo el d\u00eda\u00bb<\/em>\u00a0nos dir\u00e1 la poeta.<br \/>\nHay que hacer alusi\u00f3n al grupo de fotograf\u00edas que aparecen en el poemario y que tambi\u00e9n forman parte de esta poes\u00eda visual de Nieves Viesca. Todas ellas se refieren a puntos de la geograf\u00eda asturiana y a esculturas con una gran carga simb\u00f3lica.<\/p>\n<p>Ante este poemario recomendar al lector que se atreva a introducirse en ese T\u00fanel aparentemente negro, enigm\u00e1tico, pero al final de la oscuridad siempre aparece en estos versos, como al final de un t\u00fanel, el resplandor de la luz, y la maravilla de una poes\u00eda que se expresa no solo con palabras, sino con signos, espacios vac\u00edos, y elipsis que el lector atento ha de rellenar, y silencios que evocan m\u00e1s que las palabras y que es \u00abm\u00fasica de la temporalidad\u00bb en palabras de Jank\u00e9l\u00e9vitch m\u00fasica que, aunque remota, resuena con fuerza en la poes\u00eda de\u00a0<em>El T\u00fanel y los D\u00edas<\/em>\u00a0de Nieves Viesca.<\/p>\n<p>ISBN: 978-84-947034-6-1<\/p>\n","protected":false},"excerpt":{"rendered":"<p>ISBN: 978-84-947034-6-1 <a href=\"https:\/\/www.nievesviesca.com\/blog\/producto\/ebook-el-tunel-y-los-dias\/\">Sigue leyendo <span class=\"meta-nav\">&rarr;<\/span><\/a><\/p>\n","protected":false},"featured_media":10949,"comment_status":"open","ping_status":"closed","template":"","meta":{"_bbp_topic_count":0,"_bbp_reply_count":0,"_bbp_total_topic_count":0,"_bbp_total_reply_count":0,"_bbp_voice_count":0,"_bbp_anonymous_reply_count":0,"_bbp_topic_count_hidden":0,"_bbp_reply_count_hidden":0,"_bbp_forum_subforum_count":0,"om_disable_all_campaigns":false,"_monsterinsights_skip_tracking":false,"_monsterinsights_sitenote_active":false,"_monsterinsights_sitenote_note":"","_monsterinsights_sitenote_category":0,"jetpack_post_was_ever_published":false,"jetpack_publicize_message":"","jetpack_is_tweetstorm":false,"jetpack_publicize_feature_enabled":true,"jetpack_social_post_already_shared":true,"jetpack_social_options":{"image_generator_settings":{"template":"highway","enabled":false}}},"product_cat":[144],"product_tag":[],"jetpack_publicize_connections":[],"aioseo_notices":[],"jetpack_sharing_enabled":true,"_links":{"self":[{"href":"https:\/\/www.nievesviesca.com\/blog\/wp-json\/wp\/v2\/product\/10952"}],"collection":[{"href":"https:\/\/www.nievesviesca.com\/blog\/wp-json\/wp\/v2\/product"}],"about":[{"href":"https:\/\/www.nievesviesca.com\/blog\/wp-json\/wp\/v2\/types\/product"}],"replies":[{"embeddable":true,"href":"https:\/\/www.nievesviesca.com\/blog\/wp-json\/wp\/v2\/comments?post=10952"}],"wp:featuredmedia":[{"embeddable":true,"href":"https:\/\/www.nievesviesca.com\/blog\/wp-json\/wp\/v2\/media\/10949"}],"wp:attachment":[{"href":"https:\/\/www.nievesviesca.com\/blog\/wp-json\/wp\/v2\/media?parent=10952"}],"wp:term":[{"taxonomy":"product_cat","embeddable":true,"href":"https:\/\/www.nievesviesca.com\/blog\/wp-json\/wp\/v2\/product_cat?post=10952"},{"taxonomy":"product_tag","embeddable":true,"href":"https:\/\/www.nievesviesca.com\/blog\/wp-json\/wp\/v2\/product_tag?post=10952"}],"curies":[{"name":"wp","href":"https:\/\/api.w.org\/{rel}","templated":true}]}}