{"id":10954,"date":"2023-09-28T10:22:51","date_gmt":"2023-09-28T08:22:51","guid":{"rendered":"https:\/\/www.nievesviesca.com\/blog\/?post_type=product&#038;p=10954"},"modified":"2023-09-28T10:24:50","modified_gmt":"2023-09-28T08:24:50","slug":"ebook-metamorfosis-del-sentimiento","status":"publish","type":"product","link":"https:\/\/www.nievesviesca.com\/blog\/producto\/ebook-metamorfosis-del-sentimiento\/","title":{"rendered":"eBook: Metamorfosis del Sentimiento"},"content":{"rendered":"<div class=\"blog-post architecture print\">\n<div class=\"post-content\">\n<div class=\"content-data\">\n<p>Metamorfosis del sentimiento es una serie de relatos circulares donde la autora, a trav\u00e9s de un cuidado lenguaje, explora al ser humano por el devenir de la vida, de c\u00f3mo camina sin poder detenerse. De la transformaci\u00f3n que sufrimos, tanto interior como exteriormente.<\/p>\n<p>Nieves Viesca logra que el lector se introduzca dentro de los sentimientos de unos inolvidables personajes (La mancha-El Reci\u00e9n Llegado-Pa\u00eds de Eco-El hombre que no usaba corbata\u2026) cuya existencia es un c\u00edrculo de c\u00edrculos que los cierra y los acoge incorpor\u00e1ndolos en el gr\u00e1cil d\u00fao del llegar con el partir.<\/p>\n<p>ISBN:\u00a0978-84-8190-268-6<\/p>\n<\/div>\n<\/div>\n<\/div>\n","protected":false},"excerpt":{"rendered":"<p>ISBN:\u00a0978-84-8190-268-6 <a href=\"https:\/\/www.nievesviesca.com\/blog\/producto\/ebook-metamorfosis-del-sentimiento\/\">Sigue leyendo <span class=\"meta-nav\">&rarr;<\/span><\/a><\/p>\n","protected":false},"featured_media":10951,"comment_status":"open","ping_status":"closed","template":"","meta":{"_bbp_topic_count":0,"_bbp_reply_count":0,"_bbp_total_topic_count":0,"_bbp_total_reply_count":0,"_bbp_voice_count":0,"_bbp_anonymous_reply_count":0,"_bbp_topic_count_hidden":0,"_bbp_reply_count_hidden":0,"_bbp_forum_subforum_count":0,"om_disable_all_campaigns":false,"_monsterinsights_skip_tracking":false,"_monsterinsights_sitenote_active":false,"_monsterinsights_sitenote_note":"","_monsterinsights_sitenote_category":0,"jetpack_post_was_ever_published":false,"jetpack_publicize_message":"","jetpack_is_tweetstorm":false,"jetpack_publicize_feature_enabled":true,"jetpack_social_post_already_shared":true,"jetpack_social_options":{"image_generator_settings":{"template":"highway","enabled":false}}},"product_cat":[144],"product_tag":[],"jetpack_publicize_connections":[],"aioseo_notices":[],"jetpack_sharing_enabled":true,"_links":{"self":[{"href":"https:\/\/www.nievesviesca.com\/blog\/wp-json\/wp\/v2\/product\/10954"}],"collection":[{"href":"https:\/\/www.nievesviesca.com\/blog\/wp-json\/wp\/v2\/product"}],"about":[{"href":"https:\/\/www.nievesviesca.com\/blog\/wp-json\/wp\/v2\/types\/product"}],"replies":[{"embeddable":true,"href":"https:\/\/www.nievesviesca.com\/blog\/wp-json\/wp\/v2\/comments?post=10954"}],"wp:featuredmedia":[{"embeddable":true,"href":"https:\/\/www.nievesviesca.com\/blog\/wp-json\/wp\/v2\/media\/10951"}],"wp:attachment":[{"href":"https:\/\/www.nievesviesca.com\/blog\/wp-json\/wp\/v2\/media?parent=10954"}],"wp:term":[{"taxonomy":"product_cat","embeddable":true,"href":"https:\/\/www.nievesviesca.com\/blog\/wp-json\/wp\/v2\/product_cat?post=10954"},{"taxonomy":"product_tag","embeddable":true,"href":"https:\/\/www.nievesviesca.com\/blog\/wp-json\/wp\/v2\/product_tag?post=10954"}],"curies":[{"name":"wp","href":"https:\/\/api.w.org\/{rel}","templated":true}]}}