{"id":10955,"date":"2023-09-28T10:25:03","date_gmt":"2023-09-28T08:25:03","guid":{"rendered":"https:\/\/www.nievesviesca.com\/blog\/?post_type=product&#038;p=10955"},"modified":"2023-09-28T10:26:01","modified_gmt":"2023-09-28T08:26:01","slug":"ebook-la-danza-del-equilibrio","status":"publish","type":"product","link":"https:\/\/www.nievesviesca.com\/blog\/producto\/ebook-la-danza-del-equilibrio\/","title":{"rendered":"eBook: La Danza del Equilibrio"},"content":{"rendered":"<div class=\"blog-post architecture print\">\n<div class=\"post-content\">\n<div class=\"content-data\">\n<p>La Danza del Equilibrio es el primer libro publicado por Nieves Viesca y suma una colecci\u00f3n de once relatos, donde la autora nos demuestra su capacidad de narradora por medio de personajes a medias ver\u00eddicos o en parte fantasmales, que desde la perplejidad de s\u00ed mismos nos cuentan avatares y vicisitudes, en apuesta constante por la esperanza.<\/p>\n<p>Cada historia se centra en un personaje, de forma habitual una mujer, acosada por el miedo y el desconcierto, que recurre con frecuencia al subterfugio de fantas\u00edas quim\u00e9ricas.<\/p>\n<p>ISBN: 978-84-605-5695-4<\/p>\n<\/div>\n<\/div>\n<\/div>\n","protected":false},"excerpt":{"rendered":"<p>ISBN: 978-84-605-5695-4 <a href=\"https:\/\/www.nievesviesca.com\/blog\/producto\/ebook-la-danza-del-equilibrio\/\">Sigue leyendo <span class=\"meta-nav\">&rarr;<\/span><\/a><\/p>\n","protected":false},"featured_media":10950,"comment_status":"open","ping_status":"closed","template":"","meta":{"_bbp_topic_count":0,"_bbp_reply_count":0,"_bbp_total_topic_count":0,"_bbp_total_reply_count":0,"_bbp_voice_count":0,"_bbp_anonymous_reply_count":0,"_bbp_topic_count_hidden":0,"_bbp_reply_count_hidden":0,"_bbp_forum_subforum_count":0,"om_disable_all_campaigns":false,"_monsterinsights_skip_tracking":false,"_monsterinsights_sitenote_active":false,"_monsterinsights_sitenote_note":"","_monsterinsights_sitenote_category":0,"jetpack_post_was_ever_published":false,"jetpack_publicize_message":"","jetpack_is_tweetstorm":false,"jetpack_publicize_feature_enabled":true,"jetpack_social_post_already_shared":true,"jetpack_social_options":{"image_generator_settings":{"template":"highway","enabled":false}}},"product_cat":[144],"product_tag":[],"jetpack_publicize_connections":[],"aioseo_notices":[],"jetpack_sharing_enabled":true,"_links":{"self":[{"href":"https:\/\/www.nievesviesca.com\/blog\/wp-json\/wp\/v2\/product\/10955"}],"collection":[{"href":"https:\/\/www.nievesviesca.com\/blog\/wp-json\/wp\/v2\/product"}],"about":[{"href":"https:\/\/www.nievesviesca.com\/blog\/wp-json\/wp\/v2\/types\/product"}],"replies":[{"embeddable":true,"href":"https:\/\/www.nievesviesca.com\/blog\/wp-json\/wp\/v2\/comments?post=10955"}],"wp:featuredmedia":[{"embeddable":true,"href":"https:\/\/www.nievesviesca.com\/blog\/wp-json\/wp\/v2\/media\/10950"}],"wp:attachment":[{"href":"https:\/\/www.nievesviesca.com\/blog\/wp-json\/wp\/v2\/media?parent=10955"}],"wp:term":[{"taxonomy":"product_cat","embeddable":true,"href":"https:\/\/www.nievesviesca.com\/blog\/wp-json\/wp\/v2\/product_cat?post=10955"},{"taxonomy":"product_tag","embeddable":true,"href":"https:\/\/www.nievesviesca.com\/blog\/wp-json\/wp\/v2\/product_tag?post=10955"}],"curies":[{"name":"wp","href":"https:\/\/api.w.org\/{rel}","templated":true}]}}